{"id":3808,"date":"2022-05-30T21:07:18","date_gmt":"2022-05-30T18:07:18","guid":{"rendered":"https:\/\/gtselevator.com\/gts-elevator\/gts-global\/"},"modified":"2022-06-02T09:37:05","modified_gmt":"2022-06-02T06:37:05","slug":"gts-global","status":"publish","type":"page","link":"https:\/\/gtselevator.com\/uk\/gts-elevator\/gts-global\/","title":{"rendered":"GTS Global"},"content":{"rendered":"<div id='av_section_1'  class='avia-section alternate_color avia-section-default avia-no-border-styling  avia-bg-style-scroll  avia-builder-el-0  el_before_av_section  avia-builder-el-first   container_wrap sidebar_right' style=' '  ><div class='container' ><main  role=\"main\" itemprop=\"mainContentOfPage\"  class='template-page content  av-content-small alpha units'><div class='post-entry post-entry-type-page post-entry-3808'><div class='entry-content-wrapper clearfix'>\n<div  style='height:50px' class='hr hr-invisible   avia-builder-el-1  el_before_av_heading  avia-builder-el-first '><span class='hr-inner ' ><span class='hr-inner-style'><\/span><\/span><\/div>\n<div  style='padding-bottom:25px; font-size:40px;' class='av-special-heading av-special-heading-h1  blockquote modern-quote modern-centered  avia-builder-el-2  el_after_av_hr  el_before_av_hr  av-inherit-size '><h1 class='av-special-heading-tag '  itemprop=\"headline\"  >GTS Global<\/h1><div class ='av-subheading av-subheading_below  ' style='font-size:20px;'><p>\u0413\u043e\u043b\u043e\u0432\u043d\u0438\u0439 \u043e\u0444\u0456\u0441 GTS \u0442\u0430 \u043f\u0440\u0435\u0434\u0441\u0442\u0430\u0432\u043d\u0438\u0446\u0442\u0432\u0430 \u043a\u043e\u043c\u043f\u0430\u043d\u0456\u0457 GTS \u043d\u0430\u0434\u0430\u044e\u0442\u044c \u043f\u043e\u0441\u043b\u0443\u0433\u0438 \u043f\u043e\u0441\u0442\u0430\u0432\u043e\u043a \u0442\u0430 \u043e\u0431\u0441\u043b\u0443\u0433\u043e\u0432\u0443\u0432\u0430\u043d\u043d\u044f \u043b\u0456\u0444\u0442\u0456\u0432 \u0443 22 \u043a\u0440\u0430\u0457\u043d\u0430\u0445 \u0441\u0432\u0456\u0442\u0443.<\/p>\n<\/div><div class='special-heading-border'><div class='special-heading-inner-border' ><\/div><\/div><\/div>\n<div  style='height:50px' class='hr hr-invisible   avia-builder-el-3  el_after_av_heading  el_before_av_one_full '><span class='hr-inner ' ><span class='hr-inner-style'><\/span><\/span><\/div>\n<div class=\"flex_column av_one_full  flex_column_div av-zero-column-padding first  avia-builder-el-4  el_after_av_hr  avia-builder-el-last  \" style='border-radius:0px; '><div  class='av_gmaps_sc_main_wrap av_gmaps_main_wrap '><div id='av_gmap_0' class='avia-google-map-container avia-google-map-sc av_gmaps_show_unconditionally av-no-fallback-img ' data-mapid='av_gmap_0'  style='height: 400px;'><a class=\"av_gmaps_browser_disabled av_text_confirm_link av_text_confirm_link_visible\" href=\"https:\/\/www.google.com\/maps\/search\/?api=1&#038;query=\u0421\u0442\u0430\u043c\u0431\u0443\u043b%20%20\u0421\u0442\u0430\u043c\u0431\u0443\u043b%20%20\u0422\u0443\u0440\u0435\u0447\u0447\u0438\u043d\u0430\" target=\"_blank\" rel=\"noopener\">Maps were disabled by the visitor on this site. Click to open the map in a new window.<\/a><\/div><\/div><\/div>\n\n<\/div><\/div><\/main><!-- close content main element --><\/div><\/div><div id='av_section_2'  class='avia-section main_color avia-section-default avia-no-shadow  avia-bg-style-scroll  avia-builder-el-6  el_after_av_section  el_before_av_section   container_wrap sidebar_right' style=' '  ><div class='container' ><div class='template-page content  av-content-small alpha units'><div class='post-entry post-entry-type-page post-entry-3808'><div class='entry-content-wrapper clearfix'>\n<div class=\"flex_column av_one_fourth  flex_column_div first  avia-builder-el-7  el_before_av_three_fourth  avia-builder-el-first  \" style='padding:15px 0px 0px 0px ; border-radius:0px; '><div  style='padding-bottom:0px; font-size:40px;' class='av-special-heading av-special-heading-h1  blockquote modern-quote  avia-builder-el-8  avia-builder-el-no-sibling  av-inherit-size '><h1 class='av-special-heading-tag '  itemprop=\"headline\"  >\u0422\u0443\u0440\u0435\u0447\u0447\u0438\u043d\u0430<\/h1><div class='special-heading-border'><div class='special-heading-inner-border' ><\/div><\/div><\/div><\/div><div class=\"flex_column av_three_fourth  flex_column_div av-zero-column-padding   avia-builder-el-9  el_after_av_one_fourth  avia-builder-el-last  \" style='border-radius:0px; '><p><section class=\"av_textblock_section \"  itemscope=\"itemscope\" itemtype=\"https:\/\/schema.org\/CreativeWork\" ><div class='avia_textblock  '  style='font-size:16px; '  itemprop=\"text\" ><p><b>\u0413\u043e\u043b\u043e\u0432\u043d\u0438\u0439 \u043e\u0444\u0456\u0441 GTS<\/b><\/p>\n<p><i><span style=\"font-weight: 400;\">\u041a\u0435\u0440\u0443\u0432\u0430\u043d\u043d\u044f, \u0442\u0435\u0445\u043d\u0456\u0447\u043d\u0430 \u043f\u0456\u0434\u0442\u0440\u0438\u043c\u043a\u0430, \u0434\u043e\u0441\u043b\u0456\u0434\u0436\u0435\u043d\u043d\u044f \u0442\u0430 \u0440\u043e\u0437\u0440\u043e\u0431\u043a\u0438, \u043f\u0440\u043e\u0434\u0430\u0436, \u0432\u0438\u0440\u043e\u0431\u043d\u0438\u0446\u0442\u0432\u043e, \u043e\u0431\u0441\u043b\u0443\u0433\u043e\u0432\u0443\u0432\u0430\u043d\u043d\u044f, \u0441\u043a\u043b\u0430\u0434<\/span><\/i><\/p>\n<p><span style=\"font-weight: 400;\">\u0410\u0434\u0440\u0435\u0441\u0430: Yunus Emre Mh. Veysel Karani Cd. Tabiat Sk No: 13 34791, Yenido\u011fan-Sancaktepe \/ \u0421\u0442\u0430\u043c\u0431\u0443\u043b, \u0422\u0443\u0440\u0435\u0447\u0447\u0438\u043d\u0430<\/span><\/p>\n<p><span style=\"font-weight: 400;\">\u0422\u0435\u043b: +90 216 312 80 00 (pbx)<\/span><\/p>\n<p><span style=\"font-weight: 400;\">\u0424\u0430\u043a\u0441: +90 216 312 79 99<\/span><\/p>\n<p><span style=\"font-weight: 400;\">\u0415\u043b. \u043f\u043e\u0448\u0442\u0430: gts@gtselevator.com<\/span><\/p>\n<\/div><\/section><br \/>\n<div   class='hr hr-default   avia-builder-el-11  el_after_av_textblock  el_before_av_textblock '><span class='hr-inner ' ><span class='hr-inner-style'><\/span><\/span><\/div><br \/>\n<section class=\"av_textblock_section \"  itemscope=\"itemscope\" itemtype=\"https:\/\/schema.org\/CreativeWork\" ><div class='avia_textblock  '  style='font-size:16px; '  itemprop=\"text\" ><p><b>GTS A\u043d\u043a\u0430\u0440\u0430, \u0422\u0443\u0440\u0435\u0447\u0447\u0438\u043d\u0430<\/b><\/p>\n<p><i><span style=\"font-weight: 400;\">\u041f\u0440\u043e\u0434\u0430\u0436, \u043e\u0431\u0441\u043b\u0443\u0433\u043e\u0432\u0443\u0432\u0430\u043d\u043d\u044f<\/span><\/i><\/p>\n<p><span style=\"font-weight: 400;\">\u0410\u0434\u0440\u0435\u0441\u0430: \u00c7etin Eme\u00e7 Bulvar\u0131 1332. Sk. No:6\/5 06460 A\u015fa\u011f\u0131 \u00d6ve\u00e7ler, \u00c7ankaya \/ \u0410\u043d\u043a\u0430\u0440\u0430, \u0422\u0443\u0440\u0435\u0447\u0447\u0438\u043d\u0430<\/span><\/p>\n<p><span style=\"font-weight: 400;\">\u0422\u0435\u043b.: +90 312 473 24 88<\/span><\/p>\n<p><span style=\"font-weight: 400;\">\u0424\u0430\u043a\u0441: +90 312 473 24 89<\/span><\/p>\n<p><span style=\"font-weight: 400;\">\u0415\u043b. \u043f\u043e\u0448\u0442\u0430: ankara@gtselevator.com<\/span><\/p>\n<\/div><\/section><\/p><\/div><\/div><\/div><\/div><!-- close content main div --><\/div><\/div><div id='av_section_3'  class='avia-section main_color avia-section-default avia-no-shadow  avia-bg-style-scroll  avia-builder-el-13  el_after_av_section  el_before_av_section   container_wrap sidebar_right' style=' '  ><div class='container' ><div class='template-page content  av-content-small alpha units'><div class='post-entry post-entry-type-page post-entry-3808'><div class='entry-content-wrapper clearfix'>\n<div class=\"flex_column av_one_fourth  flex_column_div first  avia-builder-el-14  el_before_av_three_fourth  avia-builder-el-first  \" style='padding:15px 0px 0px 0px ; border-radius:0px; '><div  style='padding-bottom:0px; font-size:40px;' class='av-special-heading av-special-heading-h1  blockquote modern-quote  avia-builder-el-15  avia-builder-el-no-sibling  av-inherit-size '><h1 class='av-special-heading-tag '  itemprop=\"headline\"  >\u0423\u0437\u0431\u0435\u043a\u0438\u0441\u0442\u0430\u043d<\/h1><div class='special-heading-border'><div class='special-heading-inner-border' ><\/div><\/div><\/div><\/div><div class=\"flex_column av_three_fourth  flex_column_div av-zero-column-padding   avia-builder-el-16  el_after_av_one_fourth  avia-builder-el-last  \" style='border-radius:0px; '><section class=\"av_textblock_section \"  itemscope=\"itemscope\" itemtype=\"https:\/\/schema.org\/CreativeWork\" ><div class='avia_textblock  '  style='font-size:16px; '  itemprop=\"text\" ><p><b>GTS \u0422\u0430\u0448\u043a\u0435\u043d\u0442, \u0423\u0437\u0431\u0435\u043a\u0438\u0441\u0442\u0430\u043d<\/b><\/p>\n<p><i><span style=\"font-weight: 400;\">\u041f\u0440\u043e\u0434\u0430\u0436, \u043e\u0431\u0441\u043b\u0443\u0433\u043e\u0432\u0443\u0432\u0430\u043d\u043d\u044f<\/span><\/i><\/p>\n<p><span style=\"font-weight: 400;\">\u0415\u043b. \u043f\u043e\u0448\u0442\u0430: gtstashkent@gtselevator.com<\/span><\/p>\n<\/div><\/section><\/div>\n<\/p>\n<\/div><\/div><\/div><!-- close content main div --><\/div><\/div><div id='av_section_4'  class='avia-section main_color avia-section-default avia-no-shadow  avia-bg-style-scroll  avia-builder-el-18  el_after_av_section  el_before_av_section   container_wrap sidebar_right' style=' '  ><div class='container' ><div class='template-page content  av-content-small alpha units'><div class='post-entry post-entry-type-page post-entry-3808'><div class='entry-content-wrapper clearfix'>\n<div class=\"flex_column av_one_fourth  flex_column_div first  avia-builder-el-19  el_before_av_three_fourth  avia-builder-el-first  \" style='padding:15px 0px 0px 0px ; border-radius:0px; '><div  style='padding-bottom:0px; font-size:40px;' class='av-special-heading av-special-heading-h1  blockquote modern-quote  avia-builder-el-20  avia-builder-el-no-sibling  av-inherit-size '><h1 class='av-special-heading-tag '  itemprop=\"headline\"  >\u0423\u043a\u0440\u0430\u0457\u043d\u0430<\/h1><div class='special-heading-border'><div class='special-heading-inner-border' ><\/div><\/div><\/div><\/div><div class=\"flex_column av_three_fourth  flex_column_div av-zero-column-padding   avia-builder-el-21  el_after_av_one_fourth  avia-builder-el-last  \" style='border-radius:0px; '><section class=\"av_textblock_section \"  itemscope=\"itemscope\" itemtype=\"https:\/\/schema.org\/CreativeWork\" ><div class='avia_textblock  '  style='font-size:16px; '  itemprop=\"text\" ><p><b>GTS \u041a\u0438\u0457\u0432, \u0423\u043a\u0440\u0430\u0457\u043d\u0430<\/b><\/p>\n<p><i><span style=\"font-weight: 400;\">\u041f\u0440\u043e\u0434\u0430\u0436, \u043e\u0431\u0441\u043b\u0443\u0433\u043e\u0432\u0443\u0432\u0430\u043d\u043d\u044f<\/span><\/i><\/p>\n<p><span style=\"font-weight: 400;\">\u0414\u043b\u044f\u0432\u0435\u0440 \u042f\u041a\u0423\u0411\u041e\u0412 (\u0430\u043d\u0433\u043b\u0456\u0439\u0441\u044c\u043a\u0430, \u0440\u043e\u0441\u0456\u0439\u0441\u044c\u043a\u0430, \u0442\u0443\u0440\u0435\u0446\u044c\u043a\u0430\/ \u043c\u0435\u043d\u0435\u0434\u0436\u0435\u0440 \u0437 \u043f\u0440\u043e\u0434\u0430\u0436\u0443)<\/span><\/p>\n<p><span style=\"font-weight: 400;\">\u0415\u043b. \u043f\u043e\u0448\u0442\u0430: gtskiev@gtselevator.com<\/span><\/p>\n<\/div><\/section><\/div>\n\n<\/div><\/div><\/div><!-- close content main div --><\/div><\/div><div id='av_section_5'  class='avia-section main_color avia-section-default avia-no-shadow  avia-bg-style-scroll  avia-builder-el-23  el_after_av_section  avia-builder-el-last   container_wrap sidebar_right' style=' '  ><div class='container' ><div class='template-page content  av-content-small alpha units'><div class='post-entry post-entry-type-page post-entry-3808'><div class='entry-content-wrapper clearfix'>\n<div class=\"flex_column av_one_fourth  flex_column_div first  avia-builder-el-24  el_before_av_three_fourth  avia-builder-el-first  \" style='padding:15px 0px 0px 0px ; border-radius:0px; '><div  style='padding-bottom:0px; font-size:40px;' class='av-special-heading av-special-heading-h1  blockquote modern-quote  avia-builder-el-25  avia-builder-el-no-sibling  av-inherit-size '><h1 class='av-special-heading-tag '  itemprop=\"headline\"  >\u0406\u0440\u0430\u043a<\/h1><div class='special-heading-border'><div class='special-heading-inner-border' ><\/div><\/div><\/div><\/div><div class=\"flex_column av_three_fourth  flex_column_div av-zero-column-padding   avia-builder-el-26  el_after_av_one_fourth  avia-builder-el-last  \" style='border-radius:0px; '><section class=\"av_textblock_section \"  itemscope=\"itemscope\" itemtype=\"https:\/\/schema.org\/CreativeWork\" ><div class='avia_textblock  '  style='font-size:16px; '  itemprop=\"text\" ><p><b>GTS \u0415\u0440\u0431\u0456\u043b\u044c, \u0406\u0440\u0430\u043a<\/b><\/p>\n<p><i><span style=\"font-weight: 400;\">\u041f\u0440\u043e\u0434\u0430\u0436, \u043e\u0431\u0441\u043b\u0443\u0433\u043e\u0432\u0443\u0432\u0430\u043d\u043d\u044f<\/span><\/i><\/p>\n<p><span style=\"font-weight: 400;\">\u0415\u043b. \u043f\u043e\u0448\u0442\u0430: gtserbil@gtselevator.com<\/span><\/p>\n<\/div><\/section><\/div>\n<\/div><\/div><\/div><!-- close content main div --><\/div><\/div><div id='after_section_5'  class='main_color av_default_container_wrap container_wrap sidebar_right' style=' '  ><div class='container' ><div class='template-page content  av-content-small alpha units'><div class='post-entry post-entry-type-page post-entry-3808'><div class='entry-content-wrapper clearfix'>\n","protected":false},"excerpt":{"rendered":"","protected":false},"author":1,"featured_media":0,"parent":3137,"menu_order":0,"comment_status":"closed","ping_status":"closed","template":"","meta":{"footnotes":""},"class_list":["post-3808","page","type-page","status-publish","hentry"],"yoast_head":"<!-- This site is optimized with the Yoast SEO plugin v27.2 - https:\/\/yoast.com\/product\/yoast-seo-wordpress\/ -->\n<title>GTS Global - GTS Asans\u00f6r - GTS Elevator<\/title>\n<meta name=\"robots\" content=\"index, follow, max-snippet:-1, max-image-preview:large, max-video-preview:-1\" \/>\n<link rel=\"canonical\" href=\"https:\/\/gtselevator.com\/uk\/gts-elevator\/gts-global\/\" \/>\n<meta property=\"og:locale\" content=\"uk_UA\" \/>\n<meta property=\"og:type\" content=\"article\" \/>\n<meta property=\"og:title\" content=\"GTS Global - GTS Asans\u00f6r - GTS Elevator\" \/>\n<meta property=\"og:url\" content=\"https:\/\/gtselevator.com\/uk\/gts-elevator\/gts-global\/\" \/>\n<meta property=\"og:site_name\" content=\"GTS Asans\u00f6r - GTS Elevator\" \/>\n<meta property=\"article:modified_time\" content=\"2022-06-02T06:37:05+00:00\" \/>\n<meta name=\"twitter:card\" content=\"summary_large_image\" \/>\n<meta name=\"twitter:label1\" content=\"\u041f\u0440\u0438\u0431\u043b. \u0447\u0430\u0441 \u0447\u0438\u0442\u0430\u043d\u043d\u044f\" \/>\n\t<meta name=\"twitter:data1\" content=\"10 \u0445\u0432\u0438\u043b\u0438\u043d\" \/>\n<script type=\"application\/ld+json\" class=\"yoast-schema-graph\">{\"@context\":\"https:\/\/schema.org\",\"@graph\":[{\"@type\":\"WebPage\",\"@id\":\"https:\/\/gtselevator.com\/uk\/gts-elevator\/gts-global\/\",\"url\":\"https:\/\/gtselevator.com\/uk\/gts-elevator\/gts-global\/\",\"name\":\"GTS Global - GTS Asans\u00f6r - GTS Elevator\",\"isPartOf\":{\"@id\":\"https:\/\/gtselevator.com\/uk\/#website\"},\"datePublished\":\"2022-05-30T18:07:18+00:00\",\"dateModified\":\"2022-06-02T06:37:05+00:00\",\"breadcrumb\":{\"@id\":\"https:\/\/gtselevator.com\/uk\/gts-elevator\/gts-global\/#breadcrumb\"},\"inLanguage\":\"uk\",\"potentialAction\":[{\"@type\":\"ReadAction\",\"target\":[\"https:\/\/gtselevator.com\/uk\/gts-elevator\/gts-global\/\"]}]},{\"@type\":\"BreadcrumbList\",\"@id\":\"https:\/\/gtselevator.com\/uk\/gts-elevator\/gts-global\/#breadcrumb\",\"itemListElement\":[{\"@type\":\"ListItem\",\"position\":1,\"name\":\"Ana sayfa\",\"item\":\"https:\/\/gtselevator.com\/uk\/\"},{\"@type\":\"ListItem\",\"position\":2,\"name\":\"\u041a\u043e\u0440\u043f\u043e\u0440\u0430\u0442\u0438\u0432\u043d\u0438\u0439\",\"item\":\"https:\/\/gtselevator.com\/uk\/kurumsal\/\"},{\"@type\":\"ListItem\",\"position\":3,\"name\":\"GTS Global\"}]},{\"@type\":\"WebSite\",\"@id\":\"https:\/\/gtselevator.com\/uk\/#website\",\"url\":\"https:\/\/gtselevator.com\/uk\/\",\"name\":\"GTS Asans\u00f6r\",\"description\":\"Asans\u00f6r, y\u00fcr\u00fcyen merdiven ve y\u00fcr\u00fcyen yol yapan firman\u0131n web sitesidir.\",\"publisher\":{\"@id\":\"https:\/\/gtselevator.com\/uk\/#organization\"},\"potentialAction\":[{\"@type\":\"SearchAction\",\"target\":{\"@type\":\"EntryPoint\",\"urlTemplate\":\"https:\/\/gtselevator.com\/uk\/?s={search_term_string}\"},\"query-input\":{\"@type\":\"PropertyValueSpecification\",\"valueRequired\":true,\"valueName\":\"search_term_string\"}}],\"inLanguage\":\"uk\"},{\"@type\":\"Organization\",\"@id\":\"https:\/\/gtselevator.com\/uk\/#organization\",\"name\":\"GTS Elevator - GTS Asans\u00f6r\",\"url\":\"https:\/\/gtselevator.com\/uk\/\",\"logo\":{\"@type\":\"ImageObject\",\"inLanguage\":\"uk\",\"@id\":\"https:\/\/gtselevator.com\/uk\/#\/schema\/logo\/image\/\",\"url\":\"https:\/\/gtselevator.com\/wp-content\/uploads\/2016\/07\/gts-asansor-logo.png\",\"contentUrl\":\"https:\/\/gtselevator.com\/wp-content\/uploads\/2016\/07\/gts-asansor-logo.png\",\"width\":377,\"height\":164,\"caption\":\"GTS Elevator - GTS Asans\u00f6r\"},\"image\":{\"@id\":\"https:\/\/gtselevator.com\/uk\/#\/schema\/logo\/image\/\"}}]}<\/script>\n<!-- \/ Yoast SEO plugin. -->","yoast_head_json":{"title":"GTS Global - GTS Asans\u00f6r - GTS Elevator","robots":{"index":"index","follow":"follow","max-snippet":"max-snippet:-1","max-image-preview":"max-image-preview:large","max-video-preview":"max-video-preview:-1"},"canonical":"https:\/\/gtselevator.com\/uk\/gts-elevator\/gts-global\/","og_locale":"uk_UA","og_type":"article","og_title":"GTS Global - GTS Asans\u00f6r - GTS Elevator","og_url":"https:\/\/gtselevator.com\/uk\/gts-elevator\/gts-global\/","og_site_name":"GTS Asans\u00f6r - GTS Elevator","article_modified_time":"2022-06-02T06:37:05+00:00","twitter_card":"summary_large_image","twitter_misc":{"\u041f\u0440\u0438\u0431\u043b. \u0447\u0430\u0441 \u0447\u0438\u0442\u0430\u043d\u043d\u044f":"10 \u0445\u0432\u0438\u043b\u0438\u043d"},"schema":{"@context":"https:\/\/schema.org","@graph":[{"@type":"WebPage","@id":"https:\/\/gtselevator.com\/uk\/gts-elevator\/gts-global\/","url":"https:\/\/gtselevator.com\/uk\/gts-elevator\/gts-global\/","name":"GTS Global - GTS Asans\u00f6r - GTS Elevator","isPartOf":{"@id":"https:\/\/gtselevator.com\/uk\/#website"},"datePublished":"2022-05-30T18:07:18+00:00","dateModified":"2022-06-02T06:37:05+00:00","breadcrumb":{"@id":"https:\/\/gtselevator.com\/uk\/gts-elevator\/gts-global\/#breadcrumb"},"inLanguage":"uk","potentialAction":[{"@type":"ReadAction","target":["https:\/\/gtselevator.com\/uk\/gts-elevator\/gts-global\/"]}]},{"@type":"BreadcrumbList","@id":"https:\/\/gtselevator.com\/uk\/gts-elevator\/gts-global\/#breadcrumb","itemListElement":[{"@type":"ListItem","position":1,"name":"Ana sayfa","item":"https:\/\/gtselevator.com\/uk\/"},{"@type":"ListItem","position":2,"name":"\u041a\u043e\u0440\u043f\u043e\u0440\u0430\u0442\u0438\u0432\u043d\u0438\u0439","item":"https:\/\/gtselevator.com\/uk\/kurumsal\/"},{"@type":"ListItem","position":3,"name":"GTS Global"}]},{"@type":"WebSite","@id":"https:\/\/gtselevator.com\/uk\/#website","url":"https:\/\/gtselevator.com\/uk\/","name":"GTS Asans\u00f6r","description":"Asans\u00f6r, y\u00fcr\u00fcyen merdiven ve y\u00fcr\u00fcyen yol yapan firman\u0131n web sitesidir.","publisher":{"@id":"https:\/\/gtselevator.com\/uk\/#organization"},"potentialAction":[{"@type":"SearchAction","target":{"@type":"EntryPoint","urlTemplate":"https:\/\/gtselevator.com\/uk\/?s={search_term_string}"},"query-input":{"@type":"PropertyValueSpecification","valueRequired":true,"valueName":"search_term_string"}}],"inLanguage":"uk"},{"@type":"Organization","@id":"https:\/\/gtselevator.com\/uk\/#organization","name":"GTS Elevator - GTS Asans\u00f6r","url":"https:\/\/gtselevator.com\/uk\/","logo":{"@type":"ImageObject","inLanguage":"uk","@id":"https:\/\/gtselevator.com\/uk\/#\/schema\/logo\/image\/","url":"https:\/\/gtselevator.com\/wp-content\/uploads\/2016\/07\/gts-asansor-logo.png","contentUrl":"https:\/\/gtselevator.com\/wp-content\/uploads\/2016\/07\/gts-asansor-logo.png","width":377,"height":164,"caption":"GTS Elevator - GTS Asans\u00f6r"},"image":{"@id":"https:\/\/gtselevator.com\/uk\/#\/schema\/logo\/image\/"}}]}},"_links":{"self":[{"href":"https:\/\/gtselevator.com\/uk\/wp-json\/wp\/v2\/pages\/3808","targetHints":{"allow":["GET"]}}],"collection":[{"href":"https:\/\/gtselevator.com\/uk\/wp-json\/wp\/v2\/pages"}],"about":[{"href":"https:\/\/gtselevator.com\/uk\/wp-json\/wp\/v2\/types\/page"}],"author":[{"embeddable":true,"href":"https:\/\/gtselevator.com\/uk\/wp-json\/wp\/v2\/users\/1"}],"replies":[{"embeddable":true,"href":"https:\/\/gtselevator.com\/uk\/wp-json\/wp\/v2\/comments?post=3808"}],"version-history":[{"count":0,"href":"https:\/\/gtselevator.com\/uk\/wp-json\/wp\/v2\/pages\/3808\/revisions"}],"up":[{"embeddable":true,"href":"https:\/\/gtselevator.com\/uk\/wp-json\/wp\/v2\/pages\/3137"}],"wp:attachment":[{"href":"https:\/\/gtselevator.com\/uk\/wp-json\/wp\/v2\/media?parent=3808"}],"curies":[{"name":"wp","href":"https:\/\/api.w.org\/{rel}","templated":true}]}}