{"id":3951,"date":"2022-06-02T14:33:30","date_gmt":"2022-06-02T11:33:30","guid":{"rendered":"https:\/\/gtselevator.com\/gts-elevator\/%d0%be%d1%82%d0%b4%d0%b5%d0%bb-%d0%ba%d0%b0%d0%b4%d1%80%d0%be%d0%b2\/"},"modified":"2022-06-02T14:33:31","modified_gmt":"2022-06-02T11:33:31","slug":"%d0%be%d1%82%d0%b4%d0%b5%d0%bb-%d0%ba%d0%b0%d0%b4%d1%80%d0%be%d0%b2","status":"publish","type":"page","link":"https:\/\/gtselevator.com\/ru\/gts-elevator\/%d0%be%d1%82%d0%b4%d0%b5%d0%bb-%d0%ba%d0%b0%d0%b4%d1%80%d0%be%d0%b2\/","title":{"rendered":"\u041e\u0442\u0434\u0435\u043b \u041a\u0430\u0434\u0440\u043e\u0432"},"content":{"rendered":"<div id='av_section_1'  class='avia-section main_color avia-section-default avia-no-border-styling  avia-bg-style-scroll  avia-builder-el-0  el_before_av_one_half  avia-builder-el-first   container_wrap sidebar_right' style=' '  ><div class='container' ><main  role=\"main\" itemprop=\"mainContentOfPage\"  class='template-page content  av-content-small alpha units'><div class='post-entry post-entry-type-page post-entry-3951'><div class='entry-content-wrapper clearfix'>\n<div class=\"flex_column av_one_full  flex_column_div av-zero-column-padding first  avia-builder-el-1  avia-builder-el-no-sibling  \" style='border-radius:0px; '><div  style='padding-bottom:0px; font-size:50px;' class='av-special-heading av-special-heading-h1  blockquote modern-quote  avia-builder-el-2  avia-builder-el-no-sibling  av-inherit-size '><h1 class='av-special-heading-tag '  itemprop=\"headline\"  >\u041e\u0442\u0434\u0435\u043b \u041a\u0430\u0434\u0440\u043e\u0432<\/h1><div class='special-heading-border'><div class='special-heading-inner-border' ><\/div><\/div><\/div><\/div>\n<\/div><\/div><\/main><!-- close content main element --><\/div><\/div><div id='after_section_1'  class='main_color av_default_container_wrap container_wrap sidebar_right' style=' '  ><div class='container' ><div class='template-page content  av-content-small alpha units'><div class='post-entry post-entry-type-page post-entry-3951'><div class='entry-content-wrapper clearfix'>\n<div class=\"flex_column av_one_half  flex_column_div av-zero-column-padding first  avia-builder-el-3  el_after_av_section  el_before_av_one_half  avia-builder-el-first  \" style='border-radius:0px; '><p><div  style='padding-bottom:10px; ' class='av-special-heading av-special-heading-h3  blockquote modern-quote  avia-builder-el-4  el_before_av_textblock  avia-builder-el-first  '><h3 class='av-special-heading-tag '  itemprop=\"headline\"  >\u041e\u0442\u043a\u0440\u044b\u0442\u044b\u0435 \u0412\u0430\u043a\u0430\u043d\u0441\u0438\u0438<\/h3><div class='special-heading-border'><div class='special-heading-inner-border' ><\/div><\/div><\/div><br \/>\n<section class=\"av_textblock_section \"  itemscope=\"itemscope\" itemtype=\"https:\/\/schema.org\/CreativeWork\" ><div class='avia_textblock  '  style='font-size:16px; '  itemprop=\"text\" ><p><strong>\u041f\u0440\u043e\u0444\u0435\u0441\u0441\u0438\u043e\u043d\u0430\u043b\u044b<\/strong><\/p>\n<p>\u041e\u0442\u043f\u0440\u0430\u0432\u044c\u0442\u0435 \u043d\u0430\u043c \u043d\u0430\u043c \u0441\u0432\u043e\u0435 \u0440\u0435\u0437\u044e\u043c\u0435. \u0412\u0441\u0435 \u0437\u0430\u044f\u0432\u043a\u0438 \u0431\u0443\u0434\u0443\u0442 \u0440\u0430\u0441\u0441\u043c\u043e\u0442\u0440\u0435\u043d\u044b.<\/p>\n<p><strong>\u0421\u0442\u0443\u0434\u0435\u043d\u0442\u044b-\u0441\u0442\u0430\u0436\u0435\u0440\u044b<\/strong><\/p>\n<p>\u0423 \u043d\u0430\u0441 \u0435\u0441\u0442\u044c \u043f\u0440\u043e\u0433\u0440\u0430\u043c\u043c\u044b \u0441\u0442\u0430\u0436\u0438\u0440\u043e\u0432\u043e\u043a \u0434\u043b\u044f \u0441\u0442\u0443\u0434\u0435\u043d\u0442\u043e\u0432, \u043e\u0431\u0443\u0447\u0430\u044e\u0449\u0438\u0445\u0441\u044f \u043d\u0430 \u043f\u0440\u043e\u0444\u0438\u043b\u044c\u043d\u044b\u0445 \u043e\u0442\u0434\u0435\u043b\u0435\u043d\u0438\u044f\u0445 \u043f\u0440\u043e\u0444\u0435\u0441\u0441\u0438\u043e\u043d\u0430\u043b\u044c\u043d\u043e-\u0442\u0435\u0445\u043d\u0438\u0447\u0435\u0441\u043a\u0438\u0445 \u043b\u0438\u0446\u0435\u0435\u0432 \u0438 \u0432\u044b\u0441\u0448\u0438\u0445 \u043f\u0440\u043e\u0444\u0435\u0441\u0441\u0438\u043e\u043d\u0430\u043b\u044c\u043d\u044b\u0445 \u0443\u0447\u0438\u043b\u0438\u0449.<\/p>\n<p>\u0414\u043b\u044f \u043f\u043e\u0434\u0430\u0447\u0438 \u0437\u0430\u044f\u0432\u043a\u0438 \u043d\u0435\u043e\u0431\u0445\u043e\u0434\u0438\u043c\u043e \u0437\u0430\u043f\u043e\u043b\u043d\u0438\u0442\u044c \u0444\u043e\u0440\u043c\u0443 \u043d\u0430 \u044d\u0442\u043e\u0439 \u0441\u0442\u0440\u0430\u043d\u0438\u0446\u0435 \u0438\u043b\u0438 \u043e\u0442\u043f\u0440\u0430\u0432\u0438\u0442\u044c \u0441\u0432\u043e\u0435 \u0440\u0435\u0437\u044e\u043c\u0435 \u043f\u043e \u0430\u0434\u0440\u0435\u0441\u0443 istanbul@gtselevator.com.<\/p>\n<\/div><\/section><\/p><\/div>\n<div class=\"flex_column av_one_half  flex_column_div av-zero-column-padding   avia-builder-el-6  el_after_av_one_half  avia-builder-el-last  \" style='border-radius:0px; '><p><div  style='padding-bottom:10px; ' class='av-special-heading av-special-heading-h3  blockquote modern-quote  avia-builder-el-7  el_before_av_contact  avia-builder-el-first  '><h3 class='av-special-heading-tag '  itemprop=\"headline\"  >\u0424\u043e\u0440\u043c\u0430 \u0410\u043d\u043a\u0435\u0442\u044b <\/h3><div class='special-heading-border'><div class='special-heading-inner-border' ><\/div><\/div><\/div><br \/>\n<form action=\"https:\/\/gtselevator.com\/ru\/gts-elevator\/%d0%be%d1%82%d0%b4%d0%b5%d0%bb-%d0%ba%d0%b0%d0%b4%d1%80%d0%be%d0%b2\/\" method=\"post\"  class=\"avia_ajax_form av-form-labels-visible   avia-builder-el-8  el_after_av_heading  avia-builder-el-last   \" data-avia-form-id=\"1\" data-avia-redirect='' ><fieldset><p class='  first_form  form_element form_element_third' id='element_avia_1_1'><label for=\"avia_1_1\">\u0424\u0418\u041e <abbr class=\"required\" title=\"\u0442\u0440\u0435\u0431\u0443\u0435\u0442\u0441\u044f\">*<\/abbr><\/label> <input name=\"avia_1_1\" class=\"text_input is_empty\" type=\"text\" id=\"avia_1_1\" value=\"\" \/><\/p><p class='  form_element form_element_third' id='element_avia_2_1'><label for=\"avia_2_1\">\u042d\u043b. \u043f\u043e\u0447\u0442\u0430 <abbr class=\"required\" title=\"\u0442\u0440\u0435\u0431\u0443\u0435\u0442\u0441\u044f\">*<\/abbr><\/label> <input name=\"avia_2_1\" class=\"text_input is_email\" type=\"text\" id=\"avia_2_1\" value=\"\" \/><\/p><p class='  form_element form_element_third' id='element_avia_3_1'><label for=\"avia_3_1\">\u0422\u0435\u043b\u0435\u0444\u043e\u043d <abbr class=\"required\" title=\"\u0442\u0440\u0435\u0431\u0443\u0435\u0442\u0441\u044f\">*<\/abbr><\/label> <input name=\"avia_3_1\" class=\"text_input is_empty\" type=\"text\" id=\"avia_3_1\" value=\"\" \/><\/p><p class='  first_form  form_element form_fullwidth' id='element_avia_4_1'><label for=\"avia_4_1\" class=\"textare_label hidden textare_label_avia_4_1\">\u0410\u0434\u0440\u0435\u0441 <abbr class=\"required\" title=\"\u0442\u0440\u0435\u0431\u0443\u0435\u0442\u0441\u044f\">*<\/abbr><\/label><textarea  name=\"avia_4_1\" class=\"text_area is_empty\" cols=\"40\" rows=\"7\" id=\"avia_4_1\" ><\/textarea><\/p><p class=' first_form  form_element form_fullwidth' id='element_avia_5_1'><label for=\"avia_5_1\">\u0418\u043d\u0442\u0435\u0440\u0435\u0441\u0443\u044e\u0449\u0430\u044f \u043f\u043e\u0437\u0438\u0446\u0438\u044f <abbr class=\"required\" title=\"\u0442\u0440\u0435\u0431\u0443\u0435\u0442\u0441\u044f\">*<\/abbr><\/label> <select  name=\"avia_5_1\" class=\"select is_empty\" id=\"avia_5_1\"><option  value ='\u041e\u0431\u0449\u0430\u044f \u0437\u0430\u044f\u0432\u043a\u0430'>\u041e\u0431\u0449\u0430\u044f \u0437\u0430\u044f\u0432\u043a\u0430<\/option><option  value ='\u041e\u0442\u0434\u0435\u043b \u043f\u0440\u043e\u0434\u0430\u0436'>\u041e\u0442\u0434\u0435\u043b \u043f\u0440\u043e\u0434\u0430\u0436<\/option><option  value ='\u0421\u043d\u0430\u0431\u0436\u0435\u043d\u0438\u0435'>\u0421\u043d\u0430\u0431\u0436\u0435\u043d\u0438\u0435<\/option><option  value ='\u042d\u043b\u0435\u043a\u0442\u0440\u0438\u0447\u0435\u0441\u043a\u0438\u0439 \u043e\u0442\u0434\u0435\u043b'>\u042d\u043b\u0435\u043a\u0442\u0440\u0438\u0447\u0435\u0441\u043a\u0438\u0439 \u043e\u0442\u0434\u0435\u043b<\/option><option  value ='\u041c\u0435\u0445\u0430\u043d\u0438\u0447\u0435\u0441\u043a\u0438\u0439 \u043e\u0442\u0434\u0435\u043b'>\u041c\u0435\u0445\u0430\u043d\u0438\u0447\u0435\u0441\u043a\u0438\u0439 \u043e\u0442\u0434\u0435\u043b<\/option><option  value ='\u041c\u043e\u043d\u0442\u0430\u0436'>\u041c\u043e\u043d\u0442\u0430\u0436<\/option><option  value ='\u041e\u0431\u0441\u043b\u0443\u0436\u0438\u0432\u0430\u043d\u0438\u0435'>\u041e\u0431\u0441\u043b\u0443\u0436\u0438\u0432\u0430\u043d\u0438\u0435<\/option><option  value ='\u0411\u0443\u0445\u0433\u0430\u043b\u0442\u0435\u0440\u0438\u044f'>\u0411\u0443\u0445\u0433\u0430\u043b\u0442\u0435\u0440\u0438\u044f<\/option><option  value ='\u0421\u0442\u0430\u0436\u0438\u0440\u043e\u0432\u043a\u0430'>\u0421\u0442\u0430\u0436\u0438\u0440\u043e\u0432\u043a\u0430<\/option><\/select><\/p><p class='  first_form  form_element form_fullwidth av-last-visible-form-element' id='element_avia_6_1'><label for=\"avia_6_1\" class=\"textare_label hidden textare_label_avia_6_1\">\u0414\u043e\u043f\u043e\u043b\u043d\u0438\u0442\u0435\u043b\u044c\u043d\u044b\u0435 \u0441\u0432\u0435\u0434\u0435\u043d\u0438\u044f \u0438 \u043f\u043e\u0436\u0435\u043b\u0430\u043d\u0438\u044f <abbr class=\"required\" title=\"\u0442\u0440\u0435\u0431\u0443\u0435\u0442\u0441\u044f\">*<\/abbr><\/label><textarea  name=\"avia_6_1\" class=\"text_area is_empty\" cols=\"40\" rows=\"7\" id=\"avia_6_1\" ><\/textarea><\/p><p class=\"hidden\"><input type=\"text\" name=\"avia_7_1\" class=\"hidden \" id=\"avia_7_1\" value=\"\" \/><\/p><p class=\"form_element \"><input type=\"hidden\" value=\"1\" name=\"avia_generated_form1\" \/><input type=\"submit\" value=\"\u041e\u0422\u041f\u0420\u0410\u0412\u0418\u0422\u042c\" class=\"button\"  data-sending-label=\"\u041e\u0442\u043f\u0440\u0430\u0432\u043a\u0430\"\/><\/p><\/fieldset><\/form><div id=\"ajaxresponse_1\" class=\"ajaxresponse ajaxresponse_1 hidden\"><\/div><\/p><\/div>\n","protected":false},"excerpt":{"rendered":"","protected":false},"author":1,"featured_media":0,"parent":3789,"menu_order":0,"comment_status":"closed","ping_status":"closed","template":"","meta":{"footnotes":""},"class_list":["post-3951","page","type-page","status-publish","hentry"],"yoast_head":"<!-- This site is optimized with the Yoast SEO plugin v27.2 - https:\/\/yoast.com\/product\/yoast-seo-wordpress\/ -->\n<title>\u041e\u0442\u0434\u0435\u043b \u041a\u0430\u0434\u0440\u043e\u0432 - GTS Asans\u00f6r - GTS Elevator<\/title>\n<meta name=\"robots\" content=\"index, follow, max-snippet:-1, max-image-preview:large, max-video-preview:-1\" \/>\n<link rel=\"canonical\" href=\"https:\/\/gtselevator.com\/ru\/gts-elevator\/%d0%be%d1%82%d0%b4%d0%b5%d0%bb-%d0%ba%d0%b0%d0%b4%d1%80%d0%be%d0%b2\/\" \/>\n<meta property=\"og:locale\" content=\"ru_RU\" \/>\n<meta property=\"og:type\" content=\"article\" \/>\n<meta property=\"og:title\" content=\"\u041e\u0442\u0434\u0435\u043b \u041a\u0430\u0434\u0440\u043e\u0432 - GTS Asans\u00f6r - GTS Elevator\" \/>\n<meta property=\"og:url\" content=\"https:\/\/gtselevator.com\/ru\/gts-elevator\/%d0%be%d1%82%d0%b4%d0%b5%d0%bb-%d0%ba%d0%b0%d0%b4%d1%80%d0%be%d0%b2\/\" \/>\n<meta property=\"og:site_name\" content=\"GTS Asans\u00f6r - GTS Elevator\" \/>\n<meta property=\"article:modified_time\" content=\"2022-06-02T11:33:31+00:00\" \/>\n<meta name=\"twitter:card\" content=\"summary_large_image\" \/>\n<meta name=\"twitter:label1\" content=\"\u041f\u0440\u0438\u043c\u0435\u0440\u043d\u043e\u0435 \u0432\u0440\u0435\u043c\u044f \u0434\u043b\u044f \u0447\u0442\u0435\u043d\u0438\u044f\" \/>\n\t<meta name=\"twitter:data1\" content=\"3 \u043c\u0438\u043d\u0443\u0442\u044b\" \/>\n<script type=\"application\/ld+json\" class=\"yoast-schema-graph\">{\"@context\":\"https:\/\/schema.org\",\"@graph\":[{\"@type\":\"WebPage\",\"@id\":\"https:\/\/gtselevator.com\/ru\/gts-elevator\/%d0%be%d1%82%d0%b4%d0%b5%d0%bb-%d0%ba%d0%b0%d0%b4%d1%80%d0%be%d0%b2\/\",\"url\":\"https:\/\/gtselevator.com\/ru\/gts-elevator\/%d0%be%d1%82%d0%b4%d0%b5%d0%bb-%d0%ba%d0%b0%d0%b4%d1%80%d0%be%d0%b2\/\",\"name\":\"\u041e\u0442\u0434\u0435\u043b \u041a\u0430\u0434\u0440\u043e\u0432 - GTS Asans\u00f6r - GTS Elevator\",\"isPartOf\":{\"@id\":\"https:\/\/gtselevator.com\/ru\/#website\"},\"datePublished\":\"2022-06-02T11:33:30+00:00\",\"dateModified\":\"2022-06-02T11:33:31+00:00\",\"breadcrumb\":{\"@id\":\"https:\/\/gtselevator.com\/ru\/gts-elevator\/%d0%be%d1%82%d0%b4%d0%b5%d0%bb-%d0%ba%d0%b0%d0%b4%d1%80%d0%be%d0%b2\/#breadcrumb\"},\"inLanguage\":\"ru-RU\",\"potentialAction\":[{\"@type\":\"ReadAction\",\"target\":[\"https:\/\/gtselevator.com\/ru\/gts-elevator\/%d0%be%d1%82%d0%b4%d0%b5%d0%bb-%d0%ba%d0%b0%d0%b4%d1%80%d0%be%d0%b2\/\"]}]},{\"@type\":\"BreadcrumbList\",\"@id\":\"https:\/\/gtselevator.com\/ru\/gts-elevator\/%d0%be%d1%82%d0%b4%d0%b5%d0%bb-%d0%ba%d0%b0%d0%b4%d1%80%d0%be%d0%b2\/#breadcrumb\",\"itemListElement\":[{\"@type\":\"ListItem\",\"position\":1,\"name\":\"Ana sayfa\",\"item\":\"https:\/\/gtselevator.com\/ru\/\"},{\"@type\":\"ListItem\",\"position\":2,\"name\":\"\u041a\u043e\u0440\u043f\u043e\u0440\u0430\u0442\u0438\u0432\u043d\u044b\u0439\",\"item\":\"https:\/\/gtselevator.com\/ru\/kurumsal\/\"},{\"@type\":\"ListItem\",\"position\":3,\"name\":\"\u041e\u0442\u0434\u0435\u043b \u041a\u0430\u0434\u0440\u043e\u0432\"}]},{\"@type\":\"WebSite\",\"@id\":\"https:\/\/gtselevator.com\/ru\/#website\",\"url\":\"https:\/\/gtselevator.com\/ru\/\",\"name\":\"GTS Asans\u00f6r\",\"description\":\"Asans\u00f6r, y\u00fcr\u00fcyen merdiven ve y\u00fcr\u00fcyen yol yapan firman\u0131n web sitesidir.\",\"publisher\":{\"@id\":\"https:\/\/gtselevator.com\/ru\/#organization\"},\"potentialAction\":[{\"@type\":\"SearchAction\",\"target\":{\"@type\":\"EntryPoint\",\"urlTemplate\":\"https:\/\/gtselevator.com\/ru\/?s={search_term_string}\"},\"query-input\":{\"@type\":\"PropertyValueSpecification\",\"valueRequired\":true,\"valueName\":\"search_term_string\"}}],\"inLanguage\":\"ru-RU\"},{\"@type\":\"Organization\",\"@id\":\"https:\/\/gtselevator.com\/ru\/#organization\",\"name\":\"GTS Elevator - GTS Asans\u00f6r\",\"url\":\"https:\/\/gtselevator.com\/ru\/\",\"logo\":{\"@type\":\"ImageObject\",\"inLanguage\":\"ru-RU\",\"@id\":\"https:\/\/gtselevator.com\/ru\/#\/schema\/logo\/image\/\",\"url\":\"https:\/\/gtselevator.com\/wp-content\/uploads\/2016\/07\/gts-asansor-logo.png\",\"contentUrl\":\"https:\/\/gtselevator.com\/wp-content\/uploads\/2016\/07\/gts-asansor-logo.png\",\"width\":377,\"height\":164,\"caption\":\"GTS Elevator - GTS Asans\u00f6r\"},\"image\":{\"@id\":\"https:\/\/gtselevator.com\/ru\/#\/schema\/logo\/image\/\"}}]}<\/script>\n<!-- \/ Yoast SEO plugin. -->","yoast_head_json":{"title":"\u041e\u0442\u0434\u0435\u043b \u041a\u0430\u0434\u0440\u043e\u0432 - GTS Asans\u00f6r - GTS Elevator","robots":{"index":"index","follow":"follow","max-snippet":"max-snippet:-1","max-image-preview":"max-image-preview:large","max-video-preview":"max-video-preview:-1"},"canonical":"https:\/\/gtselevator.com\/ru\/gts-elevator\/%d0%be%d1%82%d0%b4%d0%b5%d0%bb-%d0%ba%d0%b0%d0%b4%d1%80%d0%be%d0%b2\/","og_locale":"ru_RU","og_type":"article","og_title":"\u041e\u0442\u0434\u0435\u043b \u041a\u0430\u0434\u0440\u043e\u0432 - GTS Asans\u00f6r - GTS Elevator","og_url":"https:\/\/gtselevator.com\/ru\/gts-elevator\/%d0%be%d1%82%d0%b4%d0%b5%d0%bb-%d0%ba%d0%b0%d0%b4%d1%80%d0%be%d0%b2\/","og_site_name":"GTS Asans\u00f6r - GTS Elevator","article_modified_time":"2022-06-02T11:33:31+00:00","twitter_card":"summary_large_image","twitter_misc":{"\u041f\u0440\u0438\u043c\u0435\u0440\u043d\u043e\u0435 \u0432\u0440\u0435\u043c\u044f \u0434\u043b\u044f \u0447\u0442\u0435\u043d\u0438\u044f":"3 \u043c\u0438\u043d\u0443\u0442\u044b"},"schema":{"@context":"https:\/\/schema.org","@graph":[{"@type":"WebPage","@id":"https:\/\/gtselevator.com\/ru\/gts-elevator\/%d0%be%d1%82%d0%b4%d0%b5%d0%bb-%d0%ba%d0%b0%d0%b4%d1%80%d0%be%d0%b2\/","url":"https:\/\/gtselevator.com\/ru\/gts-elevator\/%d0%be%d1%82%d0%b4%d0%b5%d0%bb-%d0%ba%d0%b0%d0%b4%d1%80%d0%be%d0%b2\/","name":"\u041e\u0442\u0434\u0435\u043b \u041a\u0430\u0434\u0440\u043e\u0432 - GTS Asans\u00f6r - GTS Elevator","isPartOf":{"@id":"https:\/\/gtselevator.com\/ru\/#website"},"datePublished":"2022-06-02T11:33:30+00:00","dateModified":"2022-06-02T11:33:31+00:00","breadcrumb":{"@id":"https:\/\/gtselevator.com\/ru\/gts-elevator\/%d0%be%d1%82%d0%b4%d0%b5%d0%bb-%d0%ba%d0%b0%d0%b4%d1%80%d0%be%d0%b2\/#breadcrumb"},"inLanguage":"ru-RU","potentialAction":[{"@type":"ReadAction","target":["https:\/\/gtselevator.com\/ru\/gts-elevator\/%d0%be%d1%82%d0%b4%d0%b5%d0%bb-%d0%ba%d0%b0%d0%b4%d1%80%d0%be%d0%b2\/"]}]},{"@type":"BreadcrumbList","@id":"https:\/\/gtselevator.com\/ru\/gts-elevator\/%d0%be%d1%82%d0%b4%d0%b5%d0%bb-%d0%ba%d0%b0%d0%b4%d1%80%d0%be%d0%b2\/#breadcrumb","itemListElement":[{"@type":"ListItem","position":1,"name":"Ana sayfa","item":"https:\/\/gtselevator.com\/ru\/"},{"@type":"ListItem","position":2,"name":"\u041a\u043e\u0440\u043f\u043e\u0440\u0430\u0442\u0438\u0432\u043d\u044b\u0439","item":"https:\/\/gtselevator.com\/ru\/kurumsal\/"},{"@type":"ListItem","position":3,"name":"\u041e\u0442\u0434\u0435\u043b \u041a\u0430\u0434\u0440\u043e\u0432"}]},{"@type":"WebSite","@id":"https:\/\/gtselevator.com\/ru\/#website","url":"https:\/\/gtselevator.com\/ru\/","name":"GTS Asans\u00f6r","description":"Asans\u00f6r, y\u00fcr\u00fcyen merdiven ve y\u00fcr\u00fcyen yol yapan firman\u0131n web sitesidir.","publisher":{"@id":"https:\/\/gtselevator.com\/ru\/#organization"},"potentialAction":[{"@type":"SearchAction","target":{"@type":"EntryPoint","urlTemplate":"https:\/\/gtselevator.com\/ru\/?s={search_term_string}"},"query-input":{"@type":"PropertyValueSpecification","valueRequired":true,"valueName":"search_term_string"}}],"inLanguage":"ru-RU"},{"@type":"Organization","@id":"https:\/\/gtselevator.com\/ru\/#organization","name":"GTS Elevator - GTS Asans\u00f6r","url":"https:\/\/gtselevator.com\/ru\/","logo":{"@type":"ImageObject","inLanguage":"ru-RU","@id":"https:\/\/gtselevator.com\/ru\/#\/schema\/logo\/image\/","url":"https:\/\/gtselevator.com\/wp-content\/uploads\/2016\/07\/gts-asansor-logo.png","contentUrl":"https:\/\/gtselevator.com\/wp-content\/uploads\/2016\/07\/gts-asansor-logo.png","width":377,"height":164,"caption":"GTS Elevator - GTS Asans\u00f6r"},"image":{"@id":"https:\/\/gtselevator.com\/ru\/#\/schema\/logo\/image\/"}}]}},"_links":{"self":[{"href":"https:\/\/gtselevator.com\/ru\/wp-json\/wp\/v2\/pages\/3951","targetHints":{"allow":["GET"]}}],"collection":[{"href":"https:\/\/gtselevator.com\/ru\/wp-json\/wp\/v2\/pages"}],"about":[{"href":"https:\/\/gtselevator.com\/ru\/wp-json\/wp\/v2\/types\/page"}],"author":[{"embeddable":true,"href":"https:\/\/gtselevator.com\/ru\/wp-json\/wp\/v2\/users\/1"}],"replies":[{"embeddable":true,"href":"https:\/\/gtselevator.com\/ru\/wp-json\/wp\/v2\/comments?post=3951"}],"version-history":[{"count":0,"href":"https:\/\/gtselevator.com\/ru\/wp-json\/wp\/v2\/pages\/3951\/revisions"}],"up":[{"embeddable":true,"href":"https:\/\/gtselevator.com\/ru\/wp-json\/wp\/v2\/pages\/3789"}],"wp:attachment":[{"href":"https:\/\/gtselevator.com\/ru\/wp-json\/wp\/v2\/media?parent=3951"}],"curies":[{"name":"wp","href":"https:\/\/api.w.org\/{rel}","templated":true}]}}