{"id":3795,"date":"2022-05-30T15:06:16","date_gmt":"2022-05-30T12:06:16","guid":{"rendered":"https:\/\/gtselevator.com\/%d0%bf%d1%80%d0%be%d0%b4%d1%83%d0%ba%d1%86%d0%b8%d1%8f\/"},"modified":"2022-06-02T10:13:40","modified_gmt":"2022-06-02T07:13:40","slug":"%d0%bf%d1%80%d0%be%d0%b4%d1%83%d0%ba%d1%86%d0%b8%d1%8f","status":"publish","type":"page","link":"https:\/\/gtselevator.com\/ru\/%d0%bf%d1%80%d0%be%d0%b4%d1%83%d0%ba%d1%86%d0%b8%d1%8f\/","title":{"rendered":"\u041f\u0440\u043e\u0434\u0443\u043a\u0446\u0438\u044f"},"content":{"rendered":"<div id='av_section_1'  class='avia-section main_color avia-section-default avia-no-border-styling  av-parallax-section av-section-color-overlay-active avia-bg-style-parallax  avia-builder-el-0  el_before_av_section  avia-builder-el-first   av-minimum-height av-minimum-height-50  container_wrap sidebar_right' style=' '  data-section-bg-repeat='no-repeat' data-av_minimum_height_pc='50'><div class='av-parallax' data-avia-parallax-ratio='0.3' ><div class='av-parallax-inner main_color  avia-full-stretch' style = 'background-color: #fdfcfb;background-repeat: no-repeat; background-image: url(https:\/\/gtselevator.com\/wp-content\/uploads\/2019\/06\/gts-2019-urunler-gtsstrong-1.jpg), linear-gradient(#fdfcfb,#e2d1c3);background-attachment: scroll; background-position: center center; ' ><\/div><\/div><div class='av-section-color-overlay-wrap'><div class='av-section-color-overlay' style='opacity: 0.7; background-color: #ffffff; background-image: url(https:\/\/gtselevator.com\/wp-content\/themes\/enfold\/images\/background-images\/linen-for-light-background.png); background-repeat: repeat;'><\/div><div class='container' ><main  role=\"main\" itemprop=\"mainContentOfPage\"  class='template-page content  av-content-small alpha units'><div class='post-entry post-entry-type-page post-entry-3795'><div class='entry-content-wrapper clearfix'>\n<div class=\"flex_column av_one_full  flex_column_div av-zero-column-padding first  avia-builder-el-1  avia-builder-el-no-sibling  \" style='border-radius:0px; '><div  style='padding-bottom:0px; color:#000000;font-size:60px;' class='av-special-heading av-special-heading-h1 custom-color-heading blockquote modern-quote modern-centered  avia-builder-el-2  avia-builder-el-no-sibling  av-inherit-size '><h1 class='av-special-heading-tag '  itemprop=\"headline\"  >\u041f\u0440\u043e\u0434\u0443\u043a\u0446\u0438\u044f <\/h1><div class ='av-subheading av-subheading_below av_custom_color ' style='font-size:26px;'><p>\u041c\u044b \u0440\u0430\u0437\u0440\u0430\u0431\u0430\u0442\u044b\u0432\u0430\u0435\u043c \u0434\u0438\u0437\u0430\u0439\u043d, \u043f\u0440\u043e\u0435\u043a\u0442\u0438\u0440\u0443\u0435\u043c, \u043f\u0440\u043e\u0438\u0437\u0432\u043e\u0434\u0438\u043c, \u0443\u0441\u0442\u0430\u043d\u0430\u0432\u043b\u0438\u0432\u0430\u0435\u043c \u0438 \u043f\u0440\u0435\u0434\u043e\u0441\u0442\u0430\u0432\u043b\u044f\u0435\u043c \u043f\u043e\u0441\u043b\u0435\u043f\u0440\u043e\u0434\u0430\u0436\u043d\u043e\u0435 \u0438 \u0430\u0432\u0430\u0440\u0438\u0439\u043d\u043e\u0435 \u043e\u0431\u0441\u043b\u0443\u0436\u0438\u0432\u0430\u043d\u0438\u0435\u2026<\/p>\n<\/div><div class='special-heading-border'><div class='special-heading-inner-border' style='border-color:#000000'><\/div><\/div><\/div><\/div>\n\n<\/div><\/div><\/main><!-- close content main element --><\/div><\/div><\/div><div id='av_section_2'  class='avia-section main_color avia-section-default avia-no-border-styling  avia-bg-style-scroll  avia-builder-el-3  el_after_av_section  avia-builder-el-last   container_wrap sidebar_right' style=' '  ><div class='container' ><div class='template-page content  av-content-small alpha units'><div class='post-entry post-entry-type-page post-entry-3795'><div class='entry-content-wrapper clearfix'>\n<div class=\"flex_column av_one_half  flex_column_div av-zero-column-padding first  avia-builder-el-4  el_before_av_one_half  avia-builder-el-first  \" style='border-radius:0px; '><p><div  style='padding-bottom:0px; font-size:26px;' class='av-special-heading av-special-heading-h2  blockquote modern-quote  avia-builder-el-5  el_before_av_catalogue  avia-builder-el-first  av-inherit-size '><h2 class='av-special-heading-tag '  itemprop=\"headline\"  >\u041b\u0418\u0424\u0422\u042b<\/h2><div class='special-heading-border'><div class='special-heading-inner-border' ><\/div><\/div><\/div><br \/>\n<div  class='av-catalogue-container   avia-builder-el-6  el_after_av_heading  el_before_av_heading '><ul class='av-catalogue-list'>\n<li><a href='https:\/\/gtselevator.com\/ru\/urun\/gts-solo\/'  class='av-catalogue-item'><div class='av-catalogue-item-inner'><div class='av-catalogue-title-container'><div class='av-catalogue-title'>GTS Solo<\/div><div class='av-catalogue-price'><\/div><\/div><div class=\"av-catalogue-content\">\n\u0421\u0435\u0440\u0438\u044f \u0438\u0437\u0434\u0435\u043b\u0438\u0439 GTS Solo \u0438\u0434\u0435\u0430\u043b\u044c\u043d\u043e \u043f\u043e\u0434\u0445\u043e\u0434\u0438\u0442 \u0434\u043b\u044f \u043c\u0430\u043b\u043e\u044d\u0442\u0430\u0436\u043d\u044b\u0445 \u0437\u0434\u0430\u043d\u0438\u0439.<br \/>\n<\/div><\/div><\/a><\/li>\n<li><a href='https:\/\/gtselevator.com\/ru\/urun\/gts-super\/'  class='av-catalogue-item'><div class='av-catalogue-item-inner'><div class='av-catalogue-title-container'><div class='av-catalogue-title'>GTS Super<\/div><div class='av-catalogue-price'><\/div><\/div><div class=\"av-catalogue-content\">\n\u041d\u0430\u0434\u0435\u0436\u043d\u0430\u044f \u0441\u0435\u0440\u0438\u044f GTS Super \u0440\u0430\u0437\u0440\u0430\u0431\u043e\u0442\u0430\u043d\u0430 \u0434\u043b\u044f \u0432\u044b\u0441\u043e\u0442\u043d\u044b\u0445 \u0437\u0434\u0430\u043d\u0438\u0439 \u0438 \u0437\u0434\u0430\u043d\u0438\u0439 \u0441 \u0432\u044b\u0441\u043e\u043a\u043e\u0439 \u043f\u0440\u043e\u0445\u043e\u0434\u0438\u043c\u043e\u0441\u0442\u044c\u044e.<br \/>\n<\/div><\/div><\/a><\/li>\n<li><a href='https:\/\/gtselevator.com\/ru\/urun\/gts-sky\/'  class='av-catalogue-item'><div class='av-catalogue-item-inner'><div class='av-catalogue-title-container'><div class='av-catalogue-title'>GTS Sky<\/div><div class='av-catalogue-price'><\/div><\/div><div class=\"av-catalogue-content\">\n\u0412\u044b\u0441\u043e\u043a\u043e\u0441\u043a\u043e\u0440\u043e\u0441\u0442\u043d\u0430\u044f \u0441\u0435\u0440\u0438\u044f GTS Sky \u2014 \u0434\u043b\u044f \u043d\u0435\u0431\u043e\u0441\u043a\u0440\u0435\u0431\u043e\u0432 \u0438 \u0437\u0434\u0430\u043d\u0438\u0439 \u0441 \u0438\u043d\u0442\u0435\u043d\u0441\u0438\u0432\u043d\u044b\u043c \u0434\u0432\u0438\u0436\u0435\u043d\u0438\u0435\u043c.<br \/>\n<\/div><\/div><\/a><\/li>\n<li><a href='https:\/\/gtselevator.com\/ru\/urun\/gts-sense\/'  class='av-catalogue-item'><div class='av-catalogue-item-inner'><div class='av-catalogue-title-container'><div class='av-catalogue-title'>GTS Sense<\/div><div class='av-catalogue-price'><\/div><\/div><div class=\"av-catalogue-content\">\n\u0421\u0435\u0440\u0438\u044f GTS Sense \u0441\u043e\u0437\u0434\u0430\u043d\u0430 \u0434\u043b\u044f \u0438\u0441\u043f\u043e\u043b\u044c\u0437\u043e\u0432\u0430\u043d\u0438\u044f \u0432 \u043c\u0435\u0434\u0438\u0446\u0438\u043d\u0441\u043a\u0438\u0445 \u0443\u0447\u0440\u0435\u0436\u0434\u0435\u043d\u0438\u044f\u0445.<br \/>\n<\/div><\/div><\/a><\/li>\n<li><a href='https:\/\/gtselevator.com\/ru\/urun\/gts-strong\/'  class='av-catalogue-item'><div class='av-catalogue-item-inner'><div class='av-catalogue-title-container'><div class='av-catalogue-title'>GTS Strong<\/div><div class='av-catalogue-price'><\/div><\/div><div class=\"av-catalogue-content\">\n\u0421\u0435\u0440\u0438\u044f \u0433\u0440\u0443\u0437\u043e\u0432\u044b\u0445 \u043b\u0438\u0444\u0442\u043e\u0432 GTS Strong \u2014 \u043f\u043e\u043b\u043d\u043e\u0446\u0435\u043d\u043d\u044b\u0439 \u043f\u043e\u043c\u043e\u0449\u043d\u0438\u043a \u0434\u043b\u044f \u043f\u0435\u0440\u0435\u0432\u043e\u0437\u043a\u0438 \u0442\u044f\u0436\u0435\u043b\u044b\u0445 \u0433\u0440\u0443\u0437\u043e\u0432.<br \/>\n<\/div><\/div><\/a><\/li>\n<li><a href='https:\/\/gtselevator.com\/ru\/urun\/gts-space\/'  class='av-catalogue-item'><div class='av-catalogue-item-inner'><div class='av-catalogue-title-container'><div class='av-catalogue-title'>GTS Space<\/div><div class='av-catalogue-price'><\/div><\/div><div class=\"av-catalogue-content\">\n\u0421\u0435\u0440\u0438\u044f GTS Space \u2014 \u043d\u0430\u0434\u0435\u0436\u043d\u044b\u0439 \u0434\u0440\u0443\u0433 \u0432\u0430\u0448\u0435\u0433\u043e \u0430\u0432\u0442\u043e\u043c\u043e\u0431\u0438\u043b\u044f.<br \/>\n<\/div><\/div><\/a><\/li>\n<\/ul><\/div><br \/>\n<div  style='padding-bottom:0px; font-size:26px;' class='av-special-heading av-special-heading-h2  blockquote modern-quote  avia-builder-el-7  el_after_av_catalogue  el_before_av_catalogue  av-inherit-size '><h2 class='av-special-heading-tag '  itemprop=\"headline\"  >\u041a\u0423\u0425\u041e\u041d\u041d\u042b\u0415 \u041b\u0418\u0424\u0422\u042b<\/h2><div class='special-heading-border'><div class='special-heading-inner-border' ><\/div><\/div><\/div><br \/>\n<div  class='av-catalogue-container   avia-builder-el-8  el_after_av_heading  avia-builder-el-last '><ul class='av-catalogue-list'>\n<li><a href='https:\/\/gtselevator.com\/ru\/urun\/gts-small\/'  class='av-catalogue-item'><div class='av-catalogue-item-inner'><div class='av-catalogue-title-container'><div class='av-catalogue-title'>GTS Small<\/div><div class='av-catalogue-price'><\/div><\/div><div class=\"av-catalogue-content\">\n\u0421\u0435\u0440\u0438\u044f GTS Small \u0434\u043b\u044f \u043f\u0435\u0440\u0435\u0432\u043e\u0437\u043a\u0438 \u043c\u0435\u043b\u043a\u0438\u0445 \u0433\u0440\u0443\u0437\u043e\u0432<br \/>\n<\/div><\/div><\/a><\/li>\n<\/ul><\/div><\/p><\/div><div class=\"flex_column av_one_half  flex_column_div av-zero-column-padding   avia-builder-el-9  el_after_av_one_half  avia-builder-el-last  \" style='border-radius:0px; '><p><div  style='padding-bottom:0px; font-size:26px;' class='av-special-heading av-special-heading-h2  blockquote modern-quote  avia-builder-el-10  el_before_av_catalogue  avia-builder-el-first  av-inherit-size '><h2 class='av-special-heading-tag '  itemprop=\"headline\"  >\u042d\u0421\u041a\u0410\u041b\u0410\u0422\u041e\u0420\u042b \u0418 \u0422\u0420\u0410\u0412\u041e\u041b\u0410\u0422\u041e\u0420\u042b<\/h2><div class='special-heading-border'><div class='special-heading-inner-border' ><\/div><\/div><\/div><br \/>\n<div  class='av-catalogue-container   avia-builder-el-11  el_after_av_heading  el_before_av_heading '><ul class='av-catalogue-list'>\n<li><a href='https:\/\/gtselevator.com\/ru\/urun\/gts-step\/'  class='av-catalogue-item'><div class='av-catalogue-item-inner'><div class='av-catalogue-title-container'><div class='av-catalogue-title'>GTS Step<\/div><div class='av-catalogue-price'><\/div><\/div><div class=\"av-catalogue-content\">\n\u0421\u0435\u0440\u0438\u044f GTS Step \u0438\u0434\u0435\u0430\u043b\u044c\u043d\u043e \u043f\u043e\u0434\u0445\u043e\u0434\u0438\u0442 \u0434\u043b\u044f \u043f\u0435\u0440\u0435\u0432\u043e\u0437\u043a\u0438 9000 \u043f\u0430\u0441\u0441\u0430\u0436\u0438\u0440\u043e\u0432 \u0432 \u0447\u0430\u0441<br \/>\n<\/div><\/div><\/a><\/li>\n<li><a href='https:\/\/gtselevator.com\/ru\/urun\/gts-street\/'  class='av-catalogue-item'><div class='av-catalogue-item-inner'><div class='av-catalogue-title-container'><div class='av-catalogue-title'>GTS Street<\/div><div class='av-catalogue-price'><\/div><\/div><div class=\"av-catalogue-content\">\n\u0421\u0435\u0440\u0438\u044f GTS Street \u0438\u0434\u0435\u0430\u043b\u044c\u043d\u043e \u043f\u043e\u0434\u0445\u043e\u0434\u0438\u0442 \u0434\u043b\u044f \u0433\u043e\u0440\u0438\u0437\u043e\u043d\u0442\u0430\u043b\u044c\u043d\u043e\u0439 \u043f\u0435\u0440\u0435\u0432\u043e\u0437\u043a\u0438 9000 \u043f\u0430\u0441\u0441\u0430\u0436\u0438\u0440\u043e\u0432 \u0432 \u0447\u0430\u0441<br \/>\n<\/div><\/div><\/a><\/li>\n<\/ul><\/div><br \/>\n<div  style='padding-bottom:0px; font-size:26px;' class='av-special-heading av-special-heading-h2  blockquote modern-quote  avia-builder-el-12  el_after_av_catalogue  el_before_av_catalogue  av-inherit-size '><h2 class='av-special-heading-tag '  itemprop=\"headline\"  >\u0413\u0420\u0423\u0417\u041e\u0412\u042b\u0415 \u041f\u041b\u0410\u0422\u0424\u041e\u0420\u041c\u042b<\/h2><div class='special-heading-border'><div class='special-heading-inner-border' ><\/div><\/div><\/div><br \/>\n<div  class='av-catalogue-container   avia-builder-el-13  el_after_av_heading  el_before_av_heading '><ul class='av-catalogue-list'>\n<li><a href='https:\/\/gtselevator.com\/ru\/urun\/gts-shift\/'  class='av-catalogue-item'><div class='av-catalogue-item-inner'><div class='av-catalogue-title-container'><div class='av-catalogue-title'>GTS Shift<\/div><div class='av-catalogue-price'><\/div><\/div><div class=\"av-catalogue-content\">\n\u0421\u0435\u0440\u0438\u044f \u043f\u043e\u0434\u044a\u0435\u043c\u043d\u0438\u043a\u043e\u0432 GTS Shift \u0430\u043b\u044c\u0442\u0435\u0440\u043d\u0430\u0442\u0438\u0432\u043d\u044b\u0435 \u0438 \u044d\u043a\u043e\u043d\u043e\u043c\u0438\u0447\u043d\u044b\u0435 \u0440\u0435\u0448\u0435\u043d\u0438\u044f \u0434\u043b\u044f \u043f\u0435\u0440\u0435\u0432\u043e\u0437\u043a\u0438 \u0433\u0440\u0443\u0437\u043e\u0432<br \/>\n<\/div><\/div><\/a><\/li>\n<\/ul><\/div><br \/>\n<div  style='padding-bottom:0px; font-size:26px;' class='av-special-heading av-special-heading-h2  blockquote modern-quote  avia-builder-el-14  el_after_av_catalogue  el_before_av_catalogue  av-inherit-size '><h2 class='av-special-heading-tag '  itemprop=\"headline\"  >\u0418\u041d\u0412\u0410\u041b\u0418\u0414\u041d\u042b\u0415 \u041b\u0418\u0424\u0422\u042b<\/h2><div class='special-heading-border'><div class='special-heading-inner-border' ><\/div><\/div><\/div><br \/>\n<div  class='av-catalogue-container   avia-builder-el-15  el_after_av_heading  el_before_av_heading '><ul class='av-catalogue-list'>\n<li><a href='https:\/\/gtselevator.com\/ru\/urun\/gts-self\/'  class='av-catalogue-item'><div class='av-catalogue-item-inner'><div class='av-catalogue-title-container'><div class='av-catalogue-title'>GTS Self<\/div><div class='av-catalogue-price'><\/div><\/div><div class=\"av-catalogue-content\">\n\u0421\u0435\u0440\u0438\u044f GTS Self \u0441\u043e\u0437\u0434\u0430\u043d\u0430 \u0434\u043b\u044f \u043f\u0435\u0440\u0435\u0432\u043e\u0437\u043a\u0438 \u0438\u043d\u0432\u0430\u043b\u0438\u0434\u043e\u0432<br \/>\n<\/div><\/div><\/a><\/li>\n<\/ul><\/div><br \/>\n<div  style='padding-bottom:0px; font-size:26px;' class='av-special-heading av-special-heading-h2  blockquote modern-quote  avia-builder-el-16  el_after_av_catalogue  el_before_av_catalogue  av-inherit-size '><h2 class='av-special-heading-tag '  itemprop=\"headline\"  >\u041d\u0410\u041a\u041b\u041e\u041d\u041d\u042b\u0415 \u041b\u0418\u0424\u0422\u042b<\/h2><div class='special-heading-border'><div class='special-heading-inner-border' ><\/div><\/div><\/div><br \/>\n<div  class='av-catalogue-container   avia-builder-el-17  el_after_av_heading  avia-builder-el-last '><ul class='av-catalogue-list'>\n<li><a href='https:\/\/gtselevator.com\/ru\/urun\/gts-slope\/'  class='av-catalogue-item'><div class='av-catalogue-item-inner'><div class='av-catalogue-title-container'><div class='av-catalogue-title'>GTS Slope<\/div><div class='av-catalogue-price'><\/div><\/div><div class=\"av-catalogue-content\">\n\u0421\u0435\u0440\u0438\u044f GTS Slope \u2014 \u0440\u0435\u0448\u0435\u043d\u0438\u0435 \u0434\u043b\u044f \u0442\u0440\u0430\u043d\u0441\u043f\u043e\u0440\u0442\u0438\u0440\u043e\u0432\u043a\u0438 \u043f\u0430\u0441\u0441\u0430\u0436\u0438\u0440\u043e\u0432 \u043d\u0430 \u0441\u043a\u043b\u043e\u043d\u0430\u0445.<br \/>\n<\/div><\/div><\/a><\/li>\n<\/ul><\/div><\/p><\/div><\/div><\/div><\/div><!-- close content main div --><\/div><\/div><div id='after_section_2'  class='main_color av_default_container_wrap container_wrap sidebar_right' style=' '  ><div class='container' ><div class='template-page content  av-content-small alpha units'><div class='post-entry post-entry-type-page post-entry-3795'><div class='entry-content-wrapper clearfix'>\n","protected":false},"excerpt":{"rendered":"","protected":false},"author":1,"featured_media":0,"parent":0,"menu_order":0,"comment_status":"closed","ping_status":"closed","template":"","meta":{"footnotes":""},"class_list":["post-3795","page","type-page","status-publish","hentry"],"yoast_head":"<!-- This site is optimized with the Yoast SEO plugin v27.2 - https:\/\/yoast.com\/product\/yoast-seo-wordpress\/ -->\n<title>\u041f\u0440\u043e\u0434\u0443\u043a\u0446\u0438\u044f - GTS Asans\u00f6r - GTS Elevator<\/title>\n<meta name=\"robots\" content=\"index, follow, max-snippet:-1, max-image-preview:large, max-video-preview:-1\" \/>\n<link rel=\"canonical\" href=\"https:\/\/gtselevator.com\/ru\/%d0%bf%d1%80%d0%be%d0%b4%d1%83%d0%ba%d1%86%d0%b8%d1%8f\/\" \/>\n<meta property=\"og:locale\" content=\"ru_RU\" \/>\n<meta property=\"og:type\" content=\"article\" \/>\n<meta property=\"og:title\" content=\"\u041f\u0440\u043e\u0434\u0443\u043a\u0446\u0438\u044f - GTS Asans\u00f6r - GTS Elevator\" \/>\n<meta property=\"og:url\" content=\"https:\/\/gtselevator.com\/ru\/%d0%bf%d1%80%d0%be%d0%b4%d1%83%d0%ba%d1%86%d0%b8%d1%8f\/\" \/>\n<meta property=\"og:site_name\" content=\"GTS Asans\u00f6r - GTS Elevator\" \/>\n<meta property=\"article:modified_time\" content=\"2022-06-02T07:13:40+00:00\" \/>\n<meta name=\"twitter:card\" content=\"summary_large_image\" \/>\n<meta name=\"twitter:label1\" content=\"\u041f\u0440\u0438\u043c\u0435\u0440\u043d\u043e\u0435 \u0432\u0440\u0435\u043c\u044f \u0434\u043b\u044f \u0447\u0442\u0435\u043d\u0438\u044f\" \/>\n\t<meta name=\"twitter:data1\" content=\"8 \u043c\u0438\u043d\u0443\u0442\" \/>\n<script type=\"application\/ld+json\" class=\"yoast-schema-graph\">{\"@context\":\"https:\/\/schema.org\",\"@graph\":[{\"@type\":\"WebPage\",\"@id\":\"https:\/\/gtselevator.com\/ru\/%d0%bf%d1%80%d0%be%d0%b4%d1%83%d0%ba%d1%86%d0%b8%d1%8f\/\",\"url\":\"https:\/\/gtselevator.com\/ru\/%d0%bf%d1%80%d0%be%d0%b4%d1%83%d0%ba%d1%86%d0%b8%d1%8f\/\",\"name\":\"\u041f\u0440\u043e\u0434\u0443\u043a\u0446\u0438\u044f - GTS Asans\u00f6r - GTS Elevator\",\"isPartOf\":{\"@id\":\"https:\/\/gtselevator.com\/ru\/#website\"},\"datePublished\":\"2022-05-30T12:06:16+00:00\",\"dateModified\":\"2022-06-02T07:13:40+00:00\",\"breadcrumb\":{\"@id\":\"https:\/\/gtselevator.com\/ru\/%d0%bf%d1%80%d0%be%d0%b4%d1%83%d0%ba%d1%86%d0%b8%d1%8f\/#breadcrumb\"},\"inLanguage\":\"ru-RU\",\"potentialAction\":[{\"@type\":\"ReadAction\",\"target\":[\"https:\/\/gtselevator.com\/ru\/%d0%bf%d1%80%d0%be%d0%b4%d1%83%d0%ba%d1%86%d0%b8%d1%8f\/\"]}]},{\"@type\":\"BreadcrumbList\",\"@id\":\"https:\/\/gtselevator.com\/ru\/%d0%bf%d1%80%d0%be%d0%b4%d1%83%d0%ba%d1%86%d0%b8%d1%8f\/#breadcrumb\",\"itemListElement\":[{\"@type\":\"ListItem\",\"position\":1,\"name\":\"Ana sayfa\",\"item\":\"https:\/\/gtselevator.com\/ru\/\"},{\"@type\":\"ListItem\",\"position\":2,\"name\":\"\u041f\u0440\u043e\u0434\u0443\u043a\u0446\u0438\u044f\"}]},{\"@type\":\"WebSite\",\"@id\":\"https:\/\/gtselevator.com\/ru\/#website\",\"url\":\"https:\/\/gtselevator.com\/ru\/\",\"name\":\"GTS Asans\u00f6r\",\"description\":\"Asans\u00f6r, y\u00fcr\u00fcyen merdiven ve y\u00fcr\u00fcyen yol yapan firman\u0131n web sitesidir.\",\"publisher\":{\"@id\":\"https:\/\/gtselevator.com\/ru\/#organization\"},\"potentialAction\":[{\"@type\":\"SearchAction\",\"target\":{\"@type\":\"EntryPoint\",\"urlTemplate\":\"https:\/\/gtselevator.com\/ru\/?s={search_term_string}\"},\"query-input\":{\"@type\":\"PropertyValueSpecification\",\"valueRequired\":true,\"valueName\":\"search_term_string\"}}],\"inLanguage\":\"ru-RU\"},{\"@type\":\"Organization\",\"@id\":\"https:\/\/gtselevator.com\/ru\/#organization\",\"name\":\"GTS Elevator - GTS Asans\u00f6r\",\"url\":\"https:\/\/gtselevator.com\/ru\/\",\"logo\":{\"@type\":\"ImageObject\",\"inLanguage\":\"ru-RU\",\"@id\":\"https:\/\/gtselevator.com\/ru\/#\/schema\/logo\/image\/\",\"url\":\"https:\/\/gtselevator.com\/wp-content\/uploads\/2016\/07\/gts-asansor-logo.png\",\"contentUrl\":\"https:\/\/gtselevator.com\/wp-content\/uploads\/2016\/07\/gts-asansor-logo.png\",\"width\":377,\"height\":164,\"caption\":\"GTS Elevator - GTS Asans\u00f6r\"},\"image\":{\"@id\":\"https:\/\/gtselevator.com\/ru\/#\/schema\/logo\/image\/\"}}]}<\/script>\n<!-- \/ Yoast SEO plugin. -->","yoast_head_json":{"title":"\u041f\u0440\u043e\u0434\u0443\u043a\u0446\u0438\u044f - GTS Asans\u00f6r - GTS Elevator","robots":{"index":"index","follow":"follow","max-snippet":"max-snippet:-1","max-image-preview":"max-image-preview:large","max-video-preview":"max-video-preview:-1"},"canonical":"https:\/\/gtselevator.com\/ru\/%d0%bf%d1%80%d0%be%d0%b4%d1%83%d0%ba%d1%86%d0%b8%d1%8f\/","og_locale":"ru_RU","og_type":"article","og_title":"\u041f\u0440\u043e\u0434\u0443\u043a\u0446\u0438\u044f - GTS Asans\u00f6r - GTS Elevator","og_url":"https:\/\/gtselevator.com\/ru\/%d0%bf%d1%80%d0%be%d0%b4%d1%83%d0%ba%d1%86%d0%b8%d1%8f\/","og_site_name":"GTS Asans\u00f6r - GTS Elevator","article_modified_time":"2022-06-02T07:13:40+00:00","twitter_card":"summary_large_image","twitter_misc":{"\u041f\u0440\u0438\u043c\u0435\u0440\u043d\u043e\u0435 \u0432\u0440\u0435\u043c\u044f \u0434\u043b\u044f \u0447\u0442\u0435\u043d\u0438\u044f":"8 \u043c\u0438\u043d\u0443\u0442"},"schema":{"@context":"https:\/\/schema.org","@graph":[{"@type":"WebPage","@id":"https:\/\/gtselevator.com\/ru\/%d0%bf%d1%80%d0%be%d0%b4%d1%83%d0%ba%d1%86%d0%b8%d1%8f\/","url":"https:\/\/gtselevator.com\/ru\/%d0%bf%d1%80%d0%be%d0%b4%d1%83%d0%ba%d1%86%d0%b8%d1%8f\/","name":"\u041f\u0440\u043e\u0434\u0443\u043a\u0446\u0438\u044f - GTS Asans\u00f6r - GTS Elevator","isPartOf":{"@id":"https:\/\/gtselevator.com\/ru\/#website"},"datePublished":"2022-05-30T12:06:16+00:00","dateModified":"2022-06-02T07:13:40+00:00","breadcrumb":{"@id":"https:\/\/gtselevator.com\/ru\/%d0%bf%d1%80%d0%be%d0%b4%d1%83%d0%ba%d1%86%d0%b8%d1%8f\/#breadcrumb"},"inLanguage":"ru-RU","potentialAction":[{"@type":"ReadAction","target":["https:\/\/gtselevator.com\/ru\/%d0%bf%d1%80%d0%be%d0%b4%d1%83%d0%ba%d1%86%d0%b8%d1%8f\/"]}]},{"@type":"BreadcrumbList","@id":"https:\/\/gtselevator.com\/ru\/%d0%bf%d1%80%d0%be%d0%b4%d1%83%d0%ba%d1%86%d0%b8%d1%8f\/#breadcrumb","itemListElement":[{"@type":"ListItem","position":1,"name":"Ana sayfa","item":"https:\/\/gtselevator.com\/ru\/"},{"@type":"ListItem","position":2,"name":"\u041f\u0440\u043e\u0434\u0443\u043a\u0446\u0438\u044f"}]},{"@type":"WebSite","@id":"https:\/\/gtselevator.com\/ru\/#website","url":"https:\/\/gtselevator.com\/ru\/","name":"GTS Asans\u00f6r","description":"Asans\u00f6r, y\u00fcr\u00fcyen merdiven ve y\u00fcr\u00fcyen yol yapan firman\u0131n web sitesidir.","publisher":{"@id":"https:\/\/gtselevator.com\/ru\/#organization"},"potentialAction":[{"@type":"SearchAction","target":{"@type":"EntryPoint","urlTemplate":"https:\/\/gtselevator.com\/ru\/?s={search_term_string}"},"query-input":{"@type":"PropertyValueSpecification","valueRequired":true,"valueName":"search_term_string"}}],"inLanguage":"ru-RU"},{"@type":"Organization","@id":"https:\/\/gtselevator.com\/ru\/#organization","name":"GTS Elevator - GTS Asans\u00f6r","url":"https:\/\/gtselevator.com\/ru\/","logo":{"@type":"ImageObject","inLanguage":"ru-RU","@id":"https:\/\/gtselevator.com\/ru\/#\/schema\/logo\/image\/","url":"https:\/\/gtselevator.com\/wp-content\/uploads\/2016\/07\/gts-asansor-logo.png","contentUrl":"https:\/\/gtselevator.com\/wp-content\/uploads\/2016\/07\/gts-asansor-logo.png","width":377,"height":164,"caption":"GTS Elevator - GTS Asans\u00f6r"},"image":{"@id":"https:\/\/gtselevator.com\/ru\/#\/schema\/logo\/image\/"}}]}},"_links":{"self":[{"href":"https:\/\/gtselevator.com\/ru\/wp-json\/wp\/v2\/pages\/3795","targetHints":{"allow":["GET"]}}],"collection":[{"href":"https:\/\/gtselevator.com\/ru\/wp-json\/wp\/v2\/pages"}],"about":[{"href":"https:\/\/gtselevator.com\/ru\/wp-json\/wp\/v2\/types\/page"}],"author":[{"embeddable":true,"href":"https:\/\/gtselevator.com\/ru\/wp-json\/wp\/v2\/users\/1"}],"replies":[{"embeddable":true,"href":"https:\/\/gtselevator.com\/ru\/wp-json\/wp\/v2\/comments?post=3795"}],"version-history":[{"count":0,"href":"https:\/\/gtselevator.com\/ru\/wp-json\/wp\/v2\/pages\/3795\/revisions"}],"wp:attachment":[{"href":"https:\/\/gtselevator.com\/ru\/wp-json\/wp\/v2\/media?parent=3795"}],"curies":[{"name":"wp","href":"https:\/\/api.w.org\/{rel}","templated":true}]}}