{"id":2359,"date":"2021-04-08T16:31:29","date_gmt":"2021-04-08T13:31:29","guid":{"rendered":"https:\/\/gtselevator.com\/corporate\/gts-global\/"},"modified":"2021-04-10T00:49:24","modified_gmt":"2021-04-09T21:49:24","slug":"gts-global","status":"publish","type":"page","link":"https:\/\/gtselevator.com\/en\/corporate\/gts-global\/","title":{"rendered":"GTS Global"},"content":{"rendered":"<div id='av_section_1'  class='avia-section alternate_color avia-section-default avia-no-border-styling  avia-bg-style-scroll  avia-builder-el-0  el_before_av_section  avia-builder-el-first   container_wrap sidebar_right' style=' '  ><div class='container' ><main  role=\"main\" itemprop=\"mainContentOfPage\"  class='template-page content  av-content-small alpha units'><div class='post-entry post-entry-type-page post-entry-2359'><div class='entry-content-wrapper clearfix'>\n<div  style='height:50px' class='hr hr-invisible   avia-builder-el-1  el_before_av_heading  avia-builder-el-first '><span class='hr-inner ' ><span class='hr-inner-style'><\/span><\/span><\/div>\n<div  style='padding-bottom:25px; font-size:40px;' class='av-special-heading av-special-heading-h1  blockquote modern-quote modern-centered  avia-builder-el-2  el_after_av_hr  el_before_av_hr  av-inherit-size '><h1 class='av-special-heading-tag '  itemprop=\"headline\"  >GTS Global<\/h1><div class ='av-subheading av-subheading_below  ' style='font-size:20px;'><p>We provide Sales and Maintenance Services in 22 countries through our GTS Head office, GTS branch stations and with our system integrator.<\/p>\n<\/div><div class='special-heading-border'><div class='special-heading-inner-border' ><\/div><\/div><\/div>\n<div  style='height:50px' class='hr hr-invisible   avia-builder-el-3  el_after_av_heading  el_before_av_one_full '><span class='hr-inner ' ><span class='hr-inner-style'><\/span><\/span><\/div>\n<div class=\"flex_column av_one_full  flex_column_div av-zero-column-padding first  avia-builder-el-4  el_after_av_hr  avia-builder-el-last  \" style='border-radius:0px; '><div  class='av_gmaps_sc_main_wrap av_gmaps_main_wrap '><div id='av_gmap_0' class='avia-google-map-container avia-google-map-sc av_gmaps_show_unconditionally av-no-fallback-img ' data-mapid='av_gmap_0'  style='height: 400px;'><a class=\"av_gmaps_browser_disabled av_text_confirm_link av_text_confirm_link_visible\" href=\"https:\/\/www.google.com\/maps\/search\/?api=1&#038;query=\u0130stanbul%20%20istanbul%20%20t\u00fcrkiye\" target=\"_blank\" rel=\"noopener\">Maps were disabled by the visitor on this site. Click to open the map in a new window.<\/a><\/div><\/div><\/div>\n\n<\/div><\/div><\/main><!-- close content main element --><\/div><\/div><div id='av_section_2'  class='avia-section main_color avia-section-default avia-no-shadow  avia-bg-style-scroll  avia-builder-el-6  el_after_av_section  el_before_av_section   container_wrap sidebar_right' style=' '  ><div class='container' ><div class='template-page content  av-content-small alpha units'><div class='post-entry post-entry-type-page post-entry-2359'><div class='entry-content-wrapper clearfix'>\n<div class=\"flex_column av_one_fourth  flex_column_div first  avia-builder-el-7  el_before_av_three_fourth  avia-builder-el-first  \" style='padding:15px 0px 0px 0px ; border-radius:0px; '><div  style='padding-bottom:0px; font-size:40px;' class='av-special-heading av-special-heading-h1  blockquote modern-quote  avia-builder-el-8  avia-builder-el-no-sibling  av-inherit-size '><h1 class='av-special-heading-tag '  itemprop=\"headline\"  >T\u00fcrkiye<\/h1><div class='special-heading-border'><div class='special-heading-inner-border' ><\/div><\/div><\/div><\/div><div class=\"flex_column av_three_fourth  flex_column_div av-zero-column-padding   avia-builder-el-9  el_after_av_one_fourth  avia-builder-el-last  \" style='border-radius:0px; '><p><section class=\"av_textblock_section \"  itemscope=\"itemscope\" itemtype=\"https:\/\/schema.org\/CreativeWork\" ><div class='avia_textblock  '  style='font-size:16px; '  itemprop=\"text\" ><p><strong>GTS Headquarters<\/strong><br \/>\nManagement, Technical Offices, R&amp;D, Sales, Production, Maintenance-Failure, Warehouse<\/p>\n<p><strong>Address: <\/strong>Yunus Emre Mh. Veysel Karani Cd. Tabiat Sk No: 13 34791, Yenido\u011fan-Sancaktepe \/ \u0130stanbul, T\u00fcrkiye<br \/>\n<strong>Tel<\/strong>: +90 216 312 80 00 (pbx)<br \/>\n<strong>Faks<\/strong>: +90 216 312 79 99<\/p>\n<p><strong>E-mail<\/strong>: gts@gtselevator.com<\/p>\n<\/div><\/section><br \/>\n<div   class='hr hr-default   avia-builder-el-11  el_after_av_textblock  el_before_av_textblock '><span class='hr-inner ' ><span class='hr-inner-style'><\/span><\/span><\/div><br \/>\n<section class=\"av_textblock_section \"  itemscope=\"itemscope\" itemtype=\"https:\/\/schema.org\/CreativeWork\" ><div class='avia_textblock  '  style='font-size:16px; '  itemprop=\"text\" ><p><strong>GTS Ankara, TR<\/strong><br \/>\nSales, Maintenance<\/p>\n<p><strong>Address:<\/strong> \u00c7etin Eme\u00e7 Bulvar\u0131 1332. Sk. No:6\/5\u00a006460 A\u015fa\u011f\u0131 \u00d6ve\u00e7ler, \u00c7ankaya \/ Ankara, Turkey<br \/>\n<strong>Tel:<\/strong> +90 312 473 24 88<br \/>\n<strong>Fax:<\/strong> +90 312 473 24 89<\/p>\n<p><strong>Eposta:<\/strong> ankara@gtselevator.com<\/p>\n<\/div><\/section><\/p><\/div>\n\n<\/div><\/div><\/div><!-- close content main div --><\/div><\/div><div id='av_section_3'  class='avia-section main_color avia-section-default avia-no-shadow  avia-bg-style-scroll  avia-builder-el-13  el_after_av_section  el_before_av_section   container_wrap sidebar_right' style=' '  ><div class='container' ><div class='template-page content  av-content-small alpha units'><div class='post-entry post-entry-type-page post-entry-2359'><div class='entry-content-wrapper clearfix'>\n<div class=\"flex_column av_one_fourth  flex_column_div first  avia-builder-el-14  el_before_av_three_fourth  avia-builder-el-first  \" style='padding:15px 0px 0px 0px ; border-radius:0px; '><div  style='padding-bottom:0px; font-size:40px;' class='av-special-heading av-special-heading-h1  blockquote modern-quote  avia-builder-el-15  avia-builder-el-no-sibling  av-inherit-size '><h1 class='av-special-heading-tag '  itemprop=\"headline\"  >Uzbekistan<\/h1><div class='special-heading-border'><div class='special-heading-inner-border' ><\/div><\/div><\/div><\/div><div class=\"flex_column av_three_fourth  flex_column_div av-zero-column-padding   avia-builder-el-16  el_after_av_one_fourth  avia-builder-el-last  \" style='border-radius:0px; '><section class=\"av_textblock_section \"  itemscope=\"itemscope\" itemtype=\"https:\/\/schema.org\/CreativeWork\" ><div class='avia_textblock  '  style='font-size:16px; '  itemprop=\"text\" ><p><strong>GTS Tashkent, Uzbekistan<\/strong><br \/>\nSales, Maintenance<\/p>\n<p><strong>Email:<\/strong> gtstashkent@gtselevator.com<\/p>\n<\/div><\/section><\/div>\n\n<\/div><\/div><\/div><!-- close content main div --><\/div><\/div><div id='av_section_4'  class='avia-section main_color avia-section-default avia-no-shadow  avia-bg-style-scroll  avia-builder-el-18  el_after_av_section  el_before_av_section   container_wrap sidebar_right' style=' '  ><div class='container' ><div class='template-page content  av-content-small alpha units'><div class='post-entry post-entry-type-page post-entry-2359'><div class='entry-content-wrapper clearfix'>\n<div class=\"flex_column av_one_fourth  flex_column_div first  avia-builder-el-19  el_before_av_three_fourth  avia-builder-el-first  \" style='padding:15px 0px 0px 0px ; border-radius:0px; '><div  style='padding-bottom:0px; font-size:40px;' class='av-special-heading av-special-heading-h1  blockquote modern-quote  avia-builder-el-20  avia-builder-el-no-sibling  av-inherit-size '><h1 class='av-special-heading-tag '  itemprop=\"headline\"  >Ukraine<\/h1><div class='special-heading-border'><div class='special-heading-inner-border' ><\/div><\/div><\/div><\/div><div class=\"flex_column av_three_fourth  flex_column_div av-zero-column-padding   avia-builder-el-21  el_after_av_one_fourth  avia-builder-el-last  \" style='border-radius:0px; '><section class=\"av_textblock_section \"  itemscope=\"itemscope\" itemtype=\"https:\/\/schema.org\/CreativeWork\" ><div class='avia_textblock  '  style='font-size:16px; '  itemprop=\"text\" ><p><strong>GTS Kiev, Ukraine<\/strong><br \/>\nSales, Maintenance<\/p>\n<p>Dlyaver YAKUBOV (English, Russian, Turkish \/ Sales Representative)<\/p>\n<p><strong>Email:<\/strong> gtskiev@gtselevator.com<\/p>\n<\/div><\/section><\/div>\n\n<\/div><\/div><\/div><!-- close content main div --><\/div><\/div><div id='av_section_5'  class='avia-section main_color avia-section-default avia-no-shadow  avia-bg-style-scroll  avia-builder-el-23  el_after_av_section  avia-builder-el-last   container_wrap sidebar_right' style=' '  ><div class='container' ><div class='template-page content  av-content-small alpha units'><div class='post-entry post-entry-type-page post-entry-2359'><div class='entry-content-wrapper clearfix'>\n<div class=\"flex_column av_one_fourth  flex_column_div first  avia-builder-el-24  el_before_av_three_fourth  avia-builder-el-first  \" style='padding:15px 0px 0px 0px ; border-radius:0px; '><div  style='padding-bottom:0px; font-size:40px;' class='av-special-heading av-special-heading-h1  blockquote modern-quote  avia-builder-el-25  avia-builder-el-no-sibling  av-inherit-size '><h1 class='av-special-heading-tag '  itemprop=\"headline\"  >Iraq<\/h1><div class='special-heading-border'><div class='special-heading-inner-border' ><\/div><\/div><\/div><\/div><div class=\"flex_column av_three_fourth  flex_column_div av-zero-column-padding   avia-builder-el-26  el_after_av_one_fourth  avia-builder-el-last  \" style='border-radius:0px; '><section class=\"av_textblock_section \"  itemscope=\"itemscope\" itemtype=\"https:\/\/schema.org\/CreativeWork\" ><div class='avia_textblock  '  style='font-size:16px; '  itemprop=\"text\" ><p><strong>GTS Erbil, Iraq<\/strong><br \/>\nSales, Maintenance<\/p>\n<p>Email: gtserbil@gtselevator.com<\/p>\n<\/div><\/section><\/div><\/div><\/div><\/div><!-- close content main div --><\/div><\/div><div id='after_section_5'  class='main_color av_default_container_wrap container_wrap sidebar_right' style=' '  ><div class='container' ><div class='template-page content  av-content-small alpha units'><div class='post-entry post-entry-type-page post-entry-2359'><div class='entry-content-wrapper clearfix'>\n","protected":false},"excerpt":{"rendered":"","protected":false},"author":1,"featured_media":0,"parent":2341,"menu_order":0,"comment_status":"closed","ping_status":"closed","template":"","meta":{"footnotes":""},"class_list":["post-2359","page","type-page","status-publish","hentry"],"yoast_head":"<!-- This site is optimized with the Yoast SEO plugin v27.2 - https:\/\/yoast.com\/product\/yoast-seo-wordpress\/ -->\n<title>GTS Global - GTS Asans\u00f6r - GTS Elevator<\/title>\n<meta name=\"robots\" content=\"index, follow, max-snippet:-1, max-image-preview:large, max-video-preview:-1\" \/>\n<link rel=\"canonical\" href=\"https:\/\/gtselevator.com\/en\/corporate\/gts-global\/\" \/>\n<meta property=\"og:locale\" content=\"en_US\" \/>\n<meta property=\"og:type\" content=\"article\" \/>\n<meta property=\"og:title\" content=\"GTS Global - GTS Asans\u00f6r - GTS Elevator\" \/>\n<meta property=\"og:url\" content=\"https:\/\/gtselevator.com\/en\/corporate\/gts-global\/\" \/>\n<meta property=\"og:site_name\" content=\"GTS Asans\u00f6r - GTS Elevator\" \/>\n<meta property=\"article:modified_time\" content=\"2021-04-09T21:49:24+00:00\" \/>\n<meta name=\"twitter:card\" content=\"summary_large_image\" \/>\n<meta name=\"twitter:label1\" content=\"Est. reading time\" \/>\n\t<meta name=\"twitter:data1\" content=\"11 minutes\" \/>\n<script type=\"application\/ld+json\" class=\"yoast-schema-graph\">{\"@context\":\"https:\/\/schema.org\",\"@graph\":[{\"@type\":\"WebPage\",\"@id\":\"https:\/\/gtselevator.com\/en\/corporate\/gts-global\/\",\"url\":\"https:\/\/gtselevator.com\/en\/corporate\/gts-global\/\",\"name\":\"GTS Global - GTS Asans\u00f6r - GTS Elevator\",\"isPartOf\":{\"@id\":\"https:\/\/gtselevator.com\/en\/#website\"},\"datePublished\":\"2021-04-08T13:31:29+00:00\",\"dateModified\":\"2021-04-09T21:49:24+00:00\",\"breadcrumb\":{\"@id\":\"https:\/\/gtselevator.com\/en\/corporate\/gts-global\/#breadcrumb\"},\"inLanguage\":\"en-US\",\"potentialAction\":[{\"@type\":\"ReadAction\",\"target\":[\"https:\/\/gtselevator.com\/en\/corporate\/gts-global\/\"]}]},{\"@type\":\"BreadcrumbList\",\"@id\":\"https:\/\/gtselevator.com\/en\/corporate\/gts-global\/#breadcrumb\",\"itemListElement\":[{\"@type\":\"ListItem\",\"position\":1,\"name\":\"Ana sayfa\",\"item\":\"https:\/\/gtselevator.com\/en\/\"},{\"@type\":\"ListItem\",\"position\":2,\"name\":\"Corporate\",\"item\":\"https:\/\/gtselevator.com\/en\/corporate\/\"},{\"@type\":\"ListItem\",\"position\":3,\"name\":\"GTS Global\"}]},{\"@type\":\"WebSite\",\"@id\":\"https:\/\/gtselevator.com\/en\/#website\",\"url\":\"https:\/\/gtselevator.com\/en\/\",\"name\":\"GTS Asans\u00f6r\",\"description\":\"Asans\u00f6r, y\u00fcr\u00fcyen merdiven ve y\u00fcr\u00fcyen yol yapan firman\u0131n web sitesidir.\",\"publisher\":{\"@id\":\"https:\/\/gtselevator.com\/en\/#organization\"},\"potentialAction\":[{\"@type\":\"SearchAction\",\"target\":{\"@type\":\"EntryPoint\",\"urlTemplate\":\"https:\/\/gtselevator.com\/en\/?s={search_term_string}\"},\"query-input\":{\"@type\":\"PropertyValueSpecification\",\"valueRequired\":true,\"valueName\":\"search_term_string\"}}],\"inLanguage\":\"en-US\"},{\"@type\":\"Organization\",\"@id\":\"https:\/\/gtselevator.com\/en\/#organization\",\"name\":\"GTS Elevator - GTS Asans\u00f6r\",\"url\":\"https:\/\/gtselevator.com\/en\/\",\"logo\":{\"@type\":\"ImageObject\",\"inLanguage\":\"en-US\",\"@id\":\"https:\/\/gtselevator.com\/en\/#\/schema\/logo\/image\/\",\"url\":\"https:\/\/gtselevator.com\/wp-content\/uploads\/2016\/07\/gts-asansor-logo.png\",\"contentUrl\":\"https:\/\/gtselevator.com\/wp-content\/uploads\/2016\/07\/gts-asansor-logo.png\",\"width\":377,\"height\":164,\"caption\":\"GTS Elevator - GTS Asans\u00f6r\"},\"image\":{\"@id\":\"https:\/\/gtselevator.com\/en\/#\/schema\/logo\/image\/\"}}]}<\/script>\n<!-- \/ Yoast SEO plugin. -->","yoast_head_json":{"title":"GTS Global - GTS Asans\u00f6r - GTS Elevator","robots":{"index":"index","follow":"follow","max-snippet":"max-snippet:-1","max-image-preview":"max-image-preview:large","max-video-preview":"max-video-preview:-1"},"canonical":"https:\/\/gtselevator.com\/en\/corporate\/gts-global\/","og_locale":"en_US","og_type":"article","og_title":"GTS Global - GTS Asans\u00f6r - GTS Elevator","og_url":"https:\/\/gtselevator.com\/en\/corporate\/gts-global\/","og_site_name":"GTS Asans\u00f6r - GTS Elevator","article_modified_time":"2021-04-09T21:49:24+00:00","twitter_card":"summary_large_image","twitter_misc":{"Est. reading time":"11 minutes"},"schema":{"@context":"https:\/\/schema.org","@graph":[{"@type":"WebPage","@id":"https:\/\/gtselevator.com\/en\/corporate\/gts-global\/","url":"https:\/\/gtselevator.com\/en\/corporate\/gts-global\/","name":"GTS Global - GTS Asans\u00f6r - GTS Elevator","isPartOf":{"@id":"https:\/\/gtselevator.com\/en\/#website"},"datePublished":"2021-04-08T13:31:29+00:00","dateModified":"2021-04-09T21:49:24+00:00","breadcrumb":{"@id":"https:\/\/gtselevator.com\/en\/corporate\/gts-global\/#breadcrumb"},"inLanguage":"en-US","potentialAction":[{"@type":"ReadAction","target":["https:\/\/gtselevator.com\/en\/corporate\/gts-global\/"]}]},{"@type":"BreadcrumbList","@id":"https:\/\/gtselevator.com\/en\/corporate\/gts-global\/#breadcrumb","itemListElement":[{"@type":"ListItem","position":1,"name":"Ana sayfa","item":"https:\/\/gtselevator.com\/en\/"},{"@type":"ListItem","position":2,"name":"Corporate","item":"https:\/\/gtselevator.com\/en\/corporate\/"},{"@type":"ListItem","position":3,"name":"GTS Global"}]},{"@type":"WebSite","@id":"https:\/\/gtselevator.com\/en\/#website","url":"https:\/\/gtselevator.com\/en\/","name":"GTS Asans\u00f6r","description":"Asans\u00f6r, y\u00fcr\u00fcyen merdiven ve y\u00fcr\u00fcyen yol yapan firman\u0131n web sitesidir.","publisher":{"@id":"https:\/\/gtselevator.com\/en\/#organization"},"potentialAction":[{"@type":"SearchAction","target":{"@type":"EntryPoint","urlTemplate":"https:\/\/gtselevator.com\/en\/?s={search_term_string}"},"query-input":{"@type":"PropertyValueSpecification","valueRequired":true,"valueName":"search_term_string"}}],"inLanguage":"en-US"},{"@type":"Organization","@id":"https:\/\/gtselevator.com\/en\/#organization","name":"GTS Elevator - GTS Asans\u00f6r","url":"https:\/\/gtselevator.com\/en\/","logo":{"@type":"ImageObject","inLanguage":"en-US","@id":"https:\/\/gtselevator.com\/en\/#\/schema\/logo\/image\/","url":"https:\/\/gtselevator.com\/wp-content\/uploads\/2016\/07\/gts-asansor-logo.png","contentUrl":"https:\/\/gtselevator.com\/wp-content\/uploads\/2016\/07\/gts-asansor-logo.png","width":377,"height":164,"caption":"GTS Elevator - GTS Asans\u00f6r"},"image":{"@id":"https:\/\/gtselevator.com\/en\/#\/schema\/logo\/image\/"}}]}},"_links":{"self":[{"href":"https:\/\/gtselevator.com\/en\/wp-json\/wp\/v2\/pages\/2359","targetHints":{"allow":["GET"]}}],"collection":[{"href":"https:\/\/gtselevator.com\/en\/wp-json\/wp\/v2\/pages"}],"about":[{"href":"https:\/\/gtselevator.com\/en\/wp-json\/wp\/v2\/types\/page"}],"author":[{"embeddable":true,"href":"https:\/\/gtselevator.com\/en\/wp-json\/wp\/v2\/users\/1"}],"replies":[{"embeddable":true,"href":"https:\/\/gtselevator.com\/en\/wp-json\/wp\/v2\/comments?post=2359"}],"version-history":[{"count":0,"href":"https:\/\/gtselevator.com\/en\/wp-json\/wp\/v2\/pages\/2359\/revisions"}],"up":[{"embeddable":true,"href":"https:\/\/gtselevator.com\/en\/wp-json\/wp\/v2\/pages\/2341"}],"wp:attachment":[{"href":"https:\/\/gtselevator.com\/en\/wp-json\/wp\/v2\/media?parent=2359"}],"curies":[{"name":"wp","href":"https:\/\/api.w.org\/{rel}","templated":true}]}}