{"id":2356,"date":"2021-04-08T15:47:00","date_gmt":"2021-04-08T12:47:00","guid":{"rendered":"https:\/\/gtselevator.com\/corporate\/factory\/"},"modified":"2021-04-08T15:47:01","modified_gmt":"2021-04-08T12:47:01","slug":"factory","status":"publish","type":"page","link":"https:\/\/gtselevator.com\/en\/corporate\/factory\/","title":{"rendered":"Factory"},"content":{"rendered":"<div id='av_section_1'  class='avia-section main_color avia-section-default avia-no-shadow  avia-bg-style-scroll  avia-builder-el-0  el_before_av_section  avia-builder-el-first   container_wrap sidebar_right' style=' '  ><div class='container' ><main  role=\"main\" itemprop=\"mainContentOfPage\"  class='template-page content  av-content-small alpha units'><div class='post-entry post-entry-type-page post-entry-2356'><div class='entry-content-wrapper clearfix'>\n<div class='flex_column_table av-equal-height-column-flextable -flextable' ><div class=\"flex_column av_one_half  flex_column_table_cell av-equal-height-column av-align-middle av-zero-column-padding first  avia-builder-el-1  el_before_av_one_half  avia-builder-el-first  \" style='border-radius:0px; '><div  class='avia-image-container  av-styling-    avia-builder-el-2  avia-builder-el-no-sibling  golgeli avia-align-center '  itemprop=\"image\" itemscope=\"itemscope\" itemtype=\"https:\/\/schema.org\/ImageObject\"  ><div class='avia-image-container-inner'><div class='avia-image-overlay-wrap'><img decoding=\"async\" class='wp-image-1692 avia-img-lazy-loading-not-1692 avia_image' src=\"https:\/\/gtselevator.com\/wp-content\/uploads\/2016\/02\/gts-asansor-kurumsal-06-1030x686.jpg\" alt='GTS Headquarter' title='' height=\"686\" width=\"1030\"  itemprop=\"thumbnailUrl\" srcset=\"https:\/\/gtselevator.com\/wp-content\/uploads\/2016\/02\/gts-asansor-kurumsal-06-1030x686.jpg 1030w, https:\/\/gtselevator.com\/wp-content\/uploads\/2016\/02\/gts-asansor-kurumsal-06-300x200.jpg 300w, https:\/\/gtselevator.com\/wp-content\/uploads\/2016\/02\/gts-asansor-kurumsal-06-768x512.jpg 768w, https:\/\/gtselevator.com\/wp-content\/uploads\/2016\/02\/gts-asansor-kurumsal-06-1500x1000.jpg 1500w, https:\/\/gtselevator.com\/wp-content\/uploads\/2016\/02\/gts-asansor-kurumsal-06-705x470.jpg 705w, https:\/\/gtselevator.com\/wp-content\/uploads\/2016\/02\/gts-asansor-kurumsal-06-450x300.jpg 450w, https:\/\/gtselevator.com\/wp-content\/uploads\/2016\/02\/gts-asansor-kurumsal-06.jpg 2000w\" sizes=\"(max-width: 1030px) 100vw, 1030px\" \/><\/div><\/div><\/div><\/div><div class='av-flex-placeholder'><\/div><div class=\"flex_column av_one_half  flex_column_table_cell av-equal-height-column av-align-middle av-zero-column-padding   avia-builder-el-3  el_after_av_one_half  avia-builder-el-last  \" style='border-radius:0px; '><p><div  style='padding-bottom:30px; font-size:40px;' class='av-special-heading av-special-heading-h1  blockquote modern-quote  avia-builder-el-4  el_before_av_textblock  avia-builder-el-first  av-inherit-size '><h1 class='av-special-heading-tag '  itemprop=\"headline\"  >GTS Elevator Head office and Factory (\u0130stanbul)<\/h1><div class='special-heading-border'><div class='special-heading-inner-border' ><\/div><\/div><\/div><br \/>\n<section class=\"av_textblock_section \"  itemscope=\"itemscope\" itemtype=\"https:\/\/schema.org\/CreativeWork\" ><div class='avia_textblock  '   itemprop=\"text\" ><p>Our company has been carrying out all R&amp;D, Design, Manufacturing, Tests, Logistics and Post-Assembly activities in its own factory, which has been established in Istanbul Sancaktepe and has a closed area of 6.000 m2 since 2009.<\/p>\n<\/div><\/section><\/p><\/div><\/div><!--close column table wrapper. Autoclose: 1 --><\/div><\/div><\/main><!-- close content main element --><\/div><\/div><div id='av_section_2'  class='avia-section main_color avia-section-default avia-no-shadow  avia-bg-style-scroll  avia-builder-el-6  el_after_av_section  el_before_av_section   container_wrap sidebar_right' style=' '  ><div class='container' ><div class='template-page content  av-content-small alpha units'><div class='post-entry post-entry-type-page post-entry-2356'><div class='entry-content-wrapper clearfix'>\n<div class='flex_column_table av-equal-height-column-flextable -flextable' ><div class=\"flex_column av_one_half  flex_column_table_cell av-equal-height-column av-align-middle av-zero-column-padding first  avia-builder-el-7  el_before_av_one_half  avia-builder-el-first  \" style='border-radius:0px; '><p><div  style='padding-bottom:30px; font-size:40px;' class='av-special-heading av-special-heading-h1  blockquote modern-quote  avia-builder-el-8  el_before_av_textblock  avia-builder-el-first  av-inherit-size '><h1 class='av-special-heading-tag '  itemprop=\"headline\"  >Metal Parts Manufacturing<\/h1><div class='special-heading-border'><div class='special-heading-inner-border' ><\/div><\/div><\/div><br \/>\n<section class=\"av_textblock_section \"  itemscope=\"itemscope\" itemtype=\"https:\/\/schema.org\/CreativeWork\" ><div class='avia_textblock  '   itemprop=\"text\" ><p>We design the most critical construction and metal parts production of the products we design completely and produce them in our own factory. (Cab, Frames, Consoles, Engine Base Chassis etc.)<\/p>\n<\/div><\/section><br \/>\n<div  class=\"avia-animated-number av-force-default-color  avia-color-  avia-builder-el-10  el_after_av_textblock  avia-builder-el-last  avia_animate_when_visible\"  data-timer=\"3000\"><strong class=\"heading avia-animated-number-title\" ><span class=\"avia-no-number\">Production of components for <\/span><span class=\"avia-single-number __av-single-number\" data-number_format=\".\" data-number=\"400\" data-start_from=\"0\">400<\/span><span class=\"avia-no-number\"> elevators per year<\/span><\/strong><div class='avia-animated-number-content' ><\/div><\/div><\/p><\/div><div class='av-flex-placeholder'><\/div><div class=\"flex_column av_one_half  flex_column_table_cell av-equal-height-column av-align-middle av-zero-column-padding   avia-builder-el-11  el_after_av_one_half  avia-builder-el-last  \" style='border-radius:0px; '><div  class='avia-image-container  av-styling-    avia-builder-el-12  avia-builder-el-no-sibling  golgeli avia-align-center '  itemprop=\"image\" itemscope=\"itemscope\" itemtype=\"https:\/\/schema.org\/ImageObject\"  ><div class='avia-image-container-inner'><div class='avia-image-overlay-wrap'><img decoding=\"async\" class='wp-image-1702 avia-img-lazy-loading-not-1702 avia_image' src=\"https:\/\/gtselevator.com\/wp-content\/uploads\/2016\/08\/gts-asansor-cozumler-04-kesici.jpg\" alt='GTS Asans\u00f6r \u00e7\u00f6z\u00fcmleri' title='' height=\"667\" width=\"1000\"  itemprop=\"thumbnailUrl\" srcset=\"https:\/\/gtselevator.com\/wp-content\/uploads\/2016\/08\/gts-asansor-cozumler-04-kesici.jpg 1000w, https:\/\/gtselevator.com\/wp-content\/uploads\/2016\/08\/gts-asansor-cozumler-04-kesici-300x200.jpg 300w, https:\/\/gtselevator.com\/wp-content\/uploads\/2016\/08\/gts-asansor-cozumler-04-kesici-768x512.jpg 768w, https:\/\/gtselevator.com\/wp-content\/uploads\/2016\/08\/gts-asansor-cozumler-04-kesici-705x470.jpg 705w, https:\/\/gtselevator.com\/wp-content\/uploads\/2016\/08\/gts-asansor-cozumler-04-kesici-450x300.jpg 450w\" sizes=\"(max-width: 1000px) 100vw, 1000px\" \/><\/div><\/div><\/div><\/div><\/div><!--close column table wrapper. Autoclose: 1 --><\/div><\/div><\/div><!-- close content main div --><\/div><\/div><div id='av_section_3'  class='avia-section main_color avia-section-default avia-no-border-styling  avia-bg-style-scroll  avia-builder-el-13  el_after_av_section  el_before_av_section   container_wrap sidebar_right' style=' '  ><div class='container' ><div class='template-page content  av-content-small alpha units'><div class='post-entry post-entry-type-page post-entry-2356'><div class='entry-content-wrapper clearfix'>\n<div class='flex_column_table av-equal-height-column-flextable -flextable' ><div class=\"flex_column av_one_half  flex_column_table_cell av-equal-height-column av-align-middle av-zero-column-padding first  avia-builder-el-14  el_before_av_one_half  avia-builder-el-first  \" style='border-radius:0px; '><div  class='avia-image-container  av-styling-    avia-builder-el-15  avia-builder-el-no-sibling  golgeli avia-align-center '  itemprop=\"image\" itemscope=\"itemscope\" itemtype=\"https:\/\/schema.org\/ImageObject\"  ><div class='avia-image-container-inner'><div class='avia-image-overlay-wrap'><img decoding=\"async\" class='wp-image-1704 avia-img-lazy-loading-not-1704 avia_image' src=\"https:\/\/gtselevator.com\/wp-content\/uploads\/2016\/08\/gts-asansor-cozumler-05-elektrik.jpg\" alt='' title='' height=\"667\" width=\"1000\"  itemprop=\"thumbnailUrl\" srcset=\"https:\/\/gtselevator.com\/wp-content\/uploads\/2016\/08\/gts-asansor-cozumler-05-elektrik.jpg 1000w, https:\/\/gtselevator.com\/wp-content\/uploads\/2016\/08\/gts-asansor-cozumler-05-elektrik-300x200.jpg 300w, https:\/\/gtselevator.com\/wp-content\/uploads\/2016\/08\/gts-asansor-cozumler-05-elektrik-768x512.jpg 768w, https:\/\/gtselevator.com\/wp-content\/uploads\/2016\/08\/gts-asansor-cozumler-05-elektrik-705x470.jpg 705w, https:\/\/gtselevator.com\/wp-content\/uploads\/2016\/08\/gts-asansor-cozumler-05-elektrik-450x300.jpg 450w\" sizes=\"(max-width: 1000px) 100vw, 1000px\" \/><\/div><\/div><\/div><\/div><div class='av-flex-placeholder'><\/div><div class=\"flex_column av_one_half  flex_column_table_cell av-equal-height-column av-align-middle av-zero-column-padding   avia-builder-el-16  el_after_av_one_half  avia-builder-el-last  \" style='border-radius:0px; '><p><div  style='padding-bottom:30px; font-size:40px;' class='av-special-heading av-special-heading-h1  blockquote modern-quote  avia-builder-el-17  el_before_av_textblock  avia-builder-el-first  av-inherit-size '><h1 class='av-special-heading-tag '  itemprop=\"headline\"  >Electrical \/ Electronic Manufacturing<\/h1><div class='special-heading-border'><div class='special-heading-inner-border' ><\/div><\/div><\/div><br \/>\n<section class=\"av_textblock_section \"  itemscope=\"itemscope\" itemtype=\"https:\/\/schema.org\/CreativeWork\" ><div class='avia_textblock  '   itemprop=\"text\" ><p>Control and Software is one of the areas where we are strongest.<br \/>\nSince its establishment, GTS Elevator has been carrying out all electrical works such as electrical project design, control panel manufacturing, software, socket installation, with the most experienced and trained engineers and technical staff in the field.<\/p>\n<\/div><\/section><br \/>\n<div  class=\"avia-animated-number av-force-default-color  avia-color-  avia-builder-el-19  el_after_av_textblock  avia-builder-el-last  avia_animate_when_visible\"  data-timer=\"3000\"><strong class=\"heading avia-animated-number-title\" ><span class=\"avia-no-number\">Every year, an average of <\/span><span class=\"avia-single-number __av-single-number\" data-number_format=\".\" data-number=\"400\" data-start_from=\"0\">400<\/span><span class=\"avia-no-number\"> elevator control systems with the most technological equipment are produced.<\/span><\/strong><div class='avia-animated-number-content' ><\/div><\/div><\/p><\/div><\/div><!--close column table wrapper. Autoclose: 1 --><\/div><\/div><\/div><!-- close content main div --><\/div><\/div><div id='av_section_4'  class='avia-section main_color avia-section-default avia-no-border-styling  avia-bg-style-scroll  avia-builder-el-20  el_after_av_section  avia-builder-el-last   container_wrap sidebar_right' style=' '  ><div class='container' ><div class='template-page content  av-content-small alpha units'><div class='post-entry post-entry-type-page post-entry-2356'><div class='entry-content-wrapper clearfix'>\n<div class='flex_column_table av-equal-height-column-flextable -flextable' ><div class=\"flex_column av_one_half  flex_column_table_cell av-equal-height-column av-align-middle av-zero-column-padding first  avia-builder-el-21  el_before_av_one_half  avia-builder-el-first  \" style='border-radius:0px; '><p><div  style='padding-bottom:30px; font-size:40px;' class='av-special-heading av-special-heading-h1  blockquote modern-quote  avia-builder-el-22  el_before_av_textblock  avia-builder-el-first  av-inherit-size '><h1 class='av-special-heading-tag '  itemprop=\"headline\"  >Quality control<\/h1><div class='special-heading-border'><div class='special-heading-inner-border' ><\/div><\/div><\/div><br \/>\n<section class=\"av_textblock_section \"  itemscope=\"itemscope\" itemtype=\"https:\/\/schema.org\/CreativeWork\" ><div class='avia_textblock  '   itemprop=\"text\" ><p>Our own production control panel, ready-made installation and other components of the elevator (Motor, Hydraulic Power unit, Inverter, Signalization, Door, etc.) are brought together in the factory and all the requirements and sales options of the standards are tested and the Quality Assurance procedure is completed before shipment.<\/p>\n<p>When you buy a GTS branded elevator, all tests are made in our factory before shipment.<br \/>\nEach GTS branded elevator, which is assembled on site, is also definitely subjected to Final Control Tests before being put into service in the field by our supervisors and \/ or engineers.<\/p>\n<\/div><\/section><\/p><\/div><div class='av-flex-placeholder'><\/div><div class=\"flex_column av_one_half  flex_column_table_cell av-equal-height-column av-align-middle av-zero-column-padding   avia-builder-el-24  el_after_av_one_half  avia-builder-el-last  \" style='border-radius:0px; '><div  class='avia-image-container  av-styling-    avia-builder-el-25  avia-builder-el-no-sibling  avia-align-center '  itemprop=\"image\" itemscope=\"itemscope\" itemtype=\"https:\/\/schema.org\/ImageObject\"  ><div class='avia-image-container-inner'><div class='avia-image-overlay-wrap'><img decoding=\"async\" class='wp-image-1686 avia-img-lazy-loading-not-1686 avia_image' src=\"https:\/\/gtselevator.com\/wp-content\/uploads\/2016\/08\/gts-asansor-bakim-servis-01-1030x686.jpg\" alt='' title='' height=\"686\" width=\"1030\"  itemprop=\"thumbnailUrl\" srcset=\"https:\/\/gtselevator.com\/wp-content\/uploads\/2016\/08\/gts-asansor-bakim-servis-01-1030x686.jpg 1030w, https:\/\/gtselevator.com\/wp-content\/uploads\/2016\/08\/gts-asansor-bakim-servis-01-300x200.jpg 300w, https:\/\/gtselevator.com\/wp-content\/uploads\/2016\/08\/gts-asansor-bakim-servis-01-768x512.jpg 768w, https:\/\/gtselevator.com\/wp-content\/uploads\/2016\/08\/gts-asansor-bakim-servis-01-1500x1000.jpg 1500w, https:\/\/gtselevator.com\/wp-content\/uploads\/2016\/08\/gts-asansor-bakim-servis-01-705x470.jpg 705w, https:\/\/gtselevator.com\/wp-content\/uploads\/2016\/08\/gts-asansor-bakim-servis-01-450x300.jpg 450w, https:\/\/gtselevator.com\/wp-content\/uploads\/2016\/08\/gts-asansor-bakim-servis-01.jpg 2000w\" sizes=\"(max-width: 1030px) 100vw, 1030px\" \/><\/div><\/div><\/div><\/div><\/div><!--close column table wrapper. Autoclose: 1 --><\/div><\/div><\/div><!-- close content main div --><\/div><\/div><div id='after_section_4'  class='main_color av_default_container_wrap container_wrap sidebar_right' style=' '  ><div class='container' ><div class='template-page content  av-content-small alpha units'><div class='post-entry post-entry-type-page post-entry-2356'><div class='entry-content-wrapper clearfix'><\/p>\n","protected":false},"excerpt":{"rendered":"","protected":false},"author":1,"featured_media":0,"parent":2341,"menu_order":0,"comment_status":"closed","ping_status":"closed","template":"","meta":{"footnotes":""},"class_list":["post-2356","page","type-page","status-publish","hentry"],"yoast_head":"<!-- This site is optimized with the Yoast SEO plugin v27.2 - https:\/\/yoast.com\/product\/yoast-seo-wordpress\/ -->\n<title>Factory - GTS Asans\u00f6r - GTS Elevator<\/title>\n<meta name=\"robots\" content=\"index, follow, max-snippet:-1, max-image-preview:large, max-video-preview:-1\" \/>\n<link rel=\"canonical\" href=\"https:\/\/gtselevator.com\/en\/corporate\/factory\/\" \/>\n<meta property=\"og:locale\" content=\"en_US\" \/>\n<meta property=\"og:type\" content=\"article\" \/>\n<meta property=\"og:title\" content=\"Factory - GTS Asans\u00f6r - GTS Elevator\" \/>\n<meta property=\"og:url\" content=\"https:\/\/gtselevator.com\/en\/corporate\/factory\/\" \/>\n<meta property=\"og:site_name\" content=\"GTS Asans\u00f6r - GTS Elevator\" \/>\n<meta property=\"article:modified_time\" content=\"2021-04-08T12:47:01+00:00\" \/>\n<meta name=\"twitter:card\" content=\"summary_large_image\" \/>\n<meta name=\"twitter:label1\" content=\"Est. reading time\" \/>\n\t<meta name=\"twitter:data1\" content=\"10 minutes\" \/>\n<script type=\"application\/ld+json\" class=\"yoast-schema-graph\">{\"@context\":\"https:\/\/schema.org\",\"@graph\":[{\"@type\":\"WebPage\",\"@id\":\"https:\/\/gtselevator.com\/en\/corporate\/factory\/\",\"url\":\"https:\/\/gtselevator.com\/en\/corporate\/factory\/\",\"name\":\"Factory - GTS Asans\u00f6r - GTS Elevator\",\"isPartOf\":{\"@id\":\"https:\/\/gtselevator.com\/en\/#website\"},\"datePublished\":\"2021-04-08T12:47:00+00:00\",\"dateModified\":\"2021-04-08T12:47:01+00:00\",\"breadcrumb\":{\"@id\":\"https:\/\/gtselevator.com\/en\/corporate\/factory\/#breadcrumb\"},\"inLanguage\":\"en-US\",\"potentialAction\":[{\"@type\":\"ReadAction\",\"target\":[\"https:\/\/gtselevator.com\/en\/corporate\/factory\/\"]}]},{\"@type\":\"BreadcrumbList\",\"@id\":\"https:\/\/gtselevator.com\/en\/corporate\/factory\/#breadcrumb\",\"itemListElement\":[{\"@type\":\"ListItem\",\"position\":1,\"name\":\"Ana sayfa\",\"item\":\"https:\/\/gtselevator.com\/en\/\"},{\"@type\":\"ListItem\",\"position\":2,\"name\":\"Corporate\",\"item\":\"https:\/\/gtselevator.com\/en\/corporate\/\"},{\"@type\":\"ListItem\",\"position\":3,\"name\":\"Factory\"}]},{\"@type\":\"WebSite\",\"@id\":\"https:\/\/gtselevator.com\/en\/#website\",\"url\":\"https:\/\/gtselevator.com\/en\/\",\"name\":\"GTS Asans\u00f6r\",\"description\":\"Asans\u00f6r, y\u00fcr\u00fcyen merdiven ve y\u00fcr\u00fcyen yol yapan firman\u0131n web sitesidir.\",\"publisher\":{\"@id\":\"https:\/\/gtselevator.com\/en\/#organization\"},\"potentialAction\":[{\"@type\":\"SearchAction\",\"target\":{\"@type\":\"EntryPoint\",\"urlTemplate\":\"https:\/\/gtselevator.com\/en\/?s={search_term_string}\"},\"query-input\":{\"@type\":\"PropertyValueSpecification\",\"valueRequired\":true,\"valueName\":\"search_term_string\"}}],\"inLanguage\":\"en-US\"},{\"@type\":\"Organization\",\"@id\":\"https:\/\/gtselevator.com\/en\/#organization\",\"name\":\"GTS Elevator - GTS Asans\u00f6r\",\"url\":\"https:\/\/gtselevator.com\/en\/\",\"logo\":{\"@type\":\"ImageObject\",\"inLanguage\":\"en-US\",\"@id\":\"https:\/\/gtselevator.com\/en\/#\/schema\/logo\/image\/\",\"url\":\"https:\/\/gtselevator.com\/wp-content\/uploads\/2016\/07\/gts-asansor-logo.png\",\"contentUrl\":\"https:\/\/gtselevator.com\/wp-content\/uploads\/2016\/07\/gts-asansor-logo.png\",\"width\":377,\"height\":164,\"caption\":\"GTS Elevator - GTS Asans\u00f6r\"},\"image\":{\"@id\":\"https:\/\/gtselevator.com\/en\/#\/schema\/logo\/image\/\"}}]}<\/script>\n<!-- \/ Yoast SEO plugin. -->","yoast_head_json":{"title":"Factory - GTS Asans\u00f6r - GTS Elevator","robots":{"index":"index","follow":"follow","max-snippet":"max-snippet:-1","max-image-preview":"max-image-preview:large","max-video-preview":"max-video-preview:-1"},"canonical":"https:\/\/gtselevator.com\/en\/corporate\/factory\/","og_locale":"en_US","og_type":"article","og_title":"Factory - GTS Asans\u00f6r - GTS Elevator","og_url":"https:\/\/gtselevator.com\/en\/corporate\/factory\/","og_site_name":"GTS Asans\u00f6r - GTS Elevator","article_modified_time":"2021-04-08T12:47:01+00:00","twitter_card":"summary_large_image","twitter_misc":{"Est. reading time":"10 minutes"},"schema":{"@context":"https:\/\/schema.org","@graph":[{"@type":"WebPage","@id":"https:\/\/gtselevator.com\/en\/corporate\/factory\/","url":"https:\/\/gtselevator.com\/en\/corporate\/factory\/","name":"Factory - GTS Asans\u00f6r - GTS Elevator","isPartOf":{"@id":"https:\/\/gtselevator.com\/en\/#website"},"datePublished":"2021-04-08T12:47:00+00:00","dateModified":"2021-04-08T12:47:01+00:00","breadcrumb":{"@id":"https:\/\/gtselevator.com\/en\/corporate\/factory\/#breadcrumb"},"inLanguage":"en-US","potentialAction":[{"@type":"ReadAction","target":["https:\/\/gtselevator.com\/en\/corporate\/factory\/"]}]},{"@type":"BreadcrumbList","@id":"https:\/\/gtselevator.com\/en\/corporate\/factory\/#breadcrumb","itemListElement":[{"@type":"ListItem","position":1,"name":"Ana sayfa","item":"https:\/\/gtselevator.com\/en\/"},{"@type":"ListItem","position":2,"name":"Corporate","item":"https:\/\/gtselevator.com\/en\/corporate\/"},{"@type":"ListItem","position":3,"name":"Factory"}]},{"@type":"WebSite","@id":"https:\/\/gtselevator.com\/en\/#website","url":"https:\/\/gtselevator.com\/en\/","name":"GTS Asans\u00f6r","description":"Asans\u00f6r, y\u00fcr\u00fcyen merdiven ve y\u00fcr\u00fcyen yol yapan firman\u0131n web sitesidir.","publisher":{"@id":"https:\/\/gtselevator.com\/en\/#organization"},"potentialAction":[{"@type":"SearchAction","target":{"@type":"EntryPoint","urlTemplate":"https:\/\/gtselevator.com\/en\/?s={search_term_string}"},"query-input":{"@type":"PropertyValueSpecification","valueRequired":true,"valueName":"search_term_string"}}],"inLanguage":"en-US"},{"@type":"Organization","@id":"https:\/\/gtselevator.com\/en\/#organization","name":"GTS Elevator - GTS Asans\u00f6r","url":"https:\/\/gtselevator.com\/en\/","logo":{"@type":"ImageObject","inLanguage":"en-US","@id":"https:\/\/gtselevator.com\/en\/#\/schema\/logo\/image\/","url":"https:\/\/gtselevator.com\/wp-content\/uploads\/2016\/07\/gts-asansor-logo.png","contentUrl":"https:\/\/gtselevator.com\/wp-content\/uploads\/2016\/07\/gts-asansor-logo.png","width":377,"height":164,"caption":"GTS Elevator - GTS Asans\u00f6r"},"image":{"@id":"https:\/\/gtselevator.com\/en\/#\/schema\/logo\/image\/"}}]}},"_links":{"self":[{"href":"https:\/\/gtselevator.com\/en\/wp-json\/wp\/v2\/pages\/2356","targetHints":{"allow":["GET"]}}],"collection":[{"href":"https:\/\/gtselevator.com\/en\/wp-json\/wp\/v2\/pages"}],"about":[{"href":"https:\/\/gtselevator.com\/en\/wp-json\/wp\/v2\/types\/page"}],"author":[{"embeddable":true,"href":"https:\/\/gtselevator.com\/en\/wp-json\/wp\/v2\/users\/1"}],"replies":[{"embeddable":true,"href":"https:\/\/gtselevator.com\/en\/wp-json\/wp\/v2\/comments?post=2356"}],"version-history":[{"count":0,"href":"https:\/\/gtselevator.com\/en\/wp-json\/wp\/v2\/pages\/2356\/revisions"}],"up":[{"embeddable":true,"href":"https:\/\/gtselevator.com\/en\/wp-json\/wp\/v2\/pages\/2341"}],"wp:attachment":[{"href":"https:\/\/gtselevator.com\/en\/wp-json\/wp\/v2\/media?parent=2356"}],"curies":[{"name":"wp","href":"https:\/\/api.w.org\/{rel}","templated":true}]}}