{"id":2283,"date":"2020-12-21T15:31:40","date_gmt":"2020-12-21T12:31:40","guid":{"rendered":"https:\/\/gtselevator.com\/homepage\/"},"modified":"2021-04-12T11:49:17","modified_gmt":"2021-04-12T08:49:17","slug":"homepage","status":"publish","type":"page","link":"https:\/\/gtselevator.com\/en\/","title":{"rendered":"Homepage"},"content":{"rendered":"<div id='av_section_1'  class='avia-section main_color avia-section-no-padding avia-no-border-styling  avia-bg-style-scroll  avia-builder-el-0  el_before_av_layout_row  avia-builder-el-first   av-minimum-height av-minimum-height-50  container_wrap sidebar_right' style='background-color: #fdfcfb;background-image: linear-gradient(#fdfcfb,#e2d1c3); '   data-av_minimum_height_pc='50'><div class='container' ><main  role=\"main\" itemprop=\"mainContentOfPage\"  class='template-page content  av-content-small alpha units'><div class='post-entry post-entry-type-page post-entry-2283'><div class='entry-content-wrapper clearfix'>\n<div class=\"flex_column av_two_fifth  flex_column_div av-zero-column-padding first  avia-builder-el-1  el_before_av_one_fifth  avia-builder-el-first  \" style='border-radius:0px; '><\/div><div class=\"flex_column av_one_fifth  av-animated-generic pop-up  av-hide-on-mobile  flex_column_div av-zero-column-padding   avia-builder-el-2  el_after_av_two_fifth  el_before_av_two_fifth  \" style='border-radius:0px; '><p><div  style='height:50px' class='hr hr-invisible   avia-builder-el-3  el_before_av_image  avia-builder-el-first '><span class='hr-inner ' ><span class='hr-inner-style'><\/span><\/span><\/div><br \/>\n<div  class='avia-image-container  av-styling-    avia-builder-el-4  el_after_av_hr  avia-builder-el-last  avia-align-center '  itemprop=\"image\" itemscope=\"itemscope\" itemtype=\"https:\/\/schema.org\/ImageObject\"  ><div class='avia-image-container-inner'><div class='avia-image-overlay-wrap'><a href='\/' class='avia_image'  ><img decoding=\"async\" width=\"300\" height=\"131\" class='wp-image-1667 avia-img-lazy-loading-not-1667 avia_image' src=\"https:\/\/gtselevator.com\/wp-content\/uploads\/2016\/07\/gts-asansor-logo-300x131.png\" alt='' title=''  itemprop=\"thumbnailUrl\" srcset=\"https:\/\/gtselevator.com\/wp-content\/uploads\/2016\/07\/gts-asansor-logo-300x131.png 300w, https:\/\/gtselevator.com\/wp-content\/uploads\/2016\/07\/gts-asansor-logo.png 377w\" sizes=\"(max-width: 300px) 100vw, 300px\" \/><\/a><\/div><\/div><\/div><\/p><\/div><div class=\"flex_column av_two_fifth  flex_column_div av-zero-column-padding   avia-builder-el-5  el_after_av_one_fifth  el_before_av_one_full  \" style='border-radius:0px; '><\/div><div class=\"flex_column av_one_full  no_margin flex_column_div av-zero-column-padding first  avia-builder-el-6  el_after_av_two_fifth  avia-builder-el-last  \" style='border-radius:0px; '><p><div  style='height:50px' class='hr hr-invisible   avia-builder-el-7  el_before_av_headline_rotator  avia-builder-el-first '><span class='hr-inner ' ><span class='hr-inner-style'><\/span><\/span><\/div><br \/>\n<div  style='text-align:center; font-size:30px; margin:0 0 0 0; ' class='av-rotator-container av-rotation-container-center   avia-builder-el-8  el_after_av_hr  el_before_av_hr  av-after-rotation-text-active' data-interval='3' data-animation='1'><h1 class='av-rotator-container-inner '>We<span class='av-rotator-text av-rotator-multiline-off '>\n<span  class='av-rotator-text-single av-rotator-text-single-1'>are engineers for; Elevator \/ Escalator &amp; Lift<\/span>\n<span  class='av-rotator-text-single av-rotator-text-single-2'>design, manufacture and install complete elevators<\/span>\n<span  class='av-rotator-text-single av-rotator-text-single-3'>love our job<\/span>\n<\/span> <\/h1><\/div><br \/>\n<div  style='height:110px' class='hr hr-invisible   avia-builder-el-9  el_after_av_headline_rotator  el_before_av_codeblock '><span class='hr-inner ' ><span class='hr-inner-style'><\/span><\/span><\/div><br \/>\n<\/p><\/div><\/div><\/div><\/main><!-- close content main element --><\/div><\/div><div id='av-layout-grid-1'  class='av-layout-grid-container entry-content-wrapper main_color av-flex-cells   av-border-cells  avia-builder-el-11  el_after_av_section  avia-builder-el-last  submenu-not-first container_wrap sidebar_right' style=' '  >\n<a class=\"av-screen-reader-only\" href=https:\/\/gtselevator.com\/urunler\/ >Link to: \u00dcr\u00fcnler<\/a><div class=\"flex_cell no_margin av_one_third  avia-builder-el-12  el_before_av_cell_one_third  avia-builder-el-first   avia-full-stretch avia-link-column av-cell-link avia-link-column-hover \"  style='height:300px; min-height:300px;background:url(https:\/\/gtselevator.com\/wp-content\/uploads\/2020\/01\/AnaSayfa-Urunler.jpg) center center no-repeat scroll #f8f8f8; vertical-align:bottom; padding:30px 0 0 0 ; background-color:#f8f8f8; '  data-link-column-url=\"https:\/\/gtselevator.com\/urunler\/\" ><div class='flex_cell_inner' ><section class=\"av_textblock_section \"  itemscope=\"itemscope\" itemtype=\"https:\/\/schema.org\/CreativeWork\" ><div class='avia_textblock  '  style='font-size:26px; '  itemprop=\"text\" ><p class=\"banner-metni\">Products<\/p>\n<p>\u00a0<\/p>\n<\/div><\/section>\n<\/div><\/div><a class=\"av-screen-reader-only\" href=https:\/\/gtselevator.com\/hizmetler\/ >Link to: Hizmetler<\/a><div class=\"flex_cell no_margin av_one_third  avia-builder-el-14  el_after_av_cell_one_third  el_before_av_cell_one_third   avia-full-stretch avia-link-column av-cell-link avia-link-column-hover \"  style='height:300px; min-height:300px;background:url(https:\/\/gtselevator.com\/wp-content\/uploads\/2020\/01\/AnaSayfa-Teknolojiler.jpg) center center no-repeat scroll #f8f8f8; vertical-align:bottom; padding:30px 0 0 0 ; background-color:#f8f8f8; '  data-link-column-url=\"https:\/\/gtselevator.com\/hizmetler\/\" ><div class='flex_cell_inner' ><section class=\"av_textblock_section \"  itemscope=\"itemscope\" itemtype=\"https:\/\/schema.org\/CreativeWork\" ><div class='avia_textblock  '  style='font-size:26px; '  itemprop=\"text\" ><p class=\"banner-metni\">Services<\/p>\n<p>\u00a0<\/p>\n<\/div><\/section>\n<\/div><\/div><a class=\"av-screen-reader-only\" href=https:\/\/gtselevator.com\/teknolojiler\/ >Link to: Teknolojiler<\/a><div class=\"flex_cell no_margin av_one_third  avia-builder-el-16  el_after_av_cell_one_third  avia-builder-el-last   avia-full-stretch avia-link-column av-cell-link avia-link-column-hover \"  style='height:300px; min-height:300px;background:url(https:\/\/gtselevator.com\/wp-content\/uploads\/2020\/01\/AnaSayfa-Hizmetler-1.jpg) center center no-repeat scroll #f8f8f8; vertical-align:bottom; padding:30px 0 0 0 ; background-color:#f8f8f8; '  data-link-column-url=\"https:\/\/gtselevator.com\/teknolojiler\/\" ><div class='flex_cell_inner' ><section class=\"av_textblock_section \"  itemscope=\"itemscope\" itemtype=\"https:\/\/schema.org\/CreativeWork\" ><div class='avia_textblock  '  style='font-size:26px; '  itemprop=\"text\" ><p class=\"banner-metni\">Technologies<\/p>\n<p>\u00a0<\/p>\n<\/div><\/section>\n<\/div><\/div>\n<\/div><\/p>\n","protected":false},"excerpt":{"rendered":"","protected":false},"author":1,"featured_media":0,"parent":0,"menu_order":0,"comment_status":"closed","ping_status":"closed","template":"","meta":{"footnotes":""},"class_list":["post-2283","page","type-page","status-publish","hentry"],"yoast_head":"<!-- This site is optimized with the Yoast SEO plugin v27.2 - https:\/\/yoast.com\/product\/yoast-seo-wordpress\/ -->\n<title>GTS Elevator<\/title>\n<meta name=\"description\" content=\"Our elevators, escalators and moving road products; consultancy, product design, procurement, installation, maintenance and breakdown service solutions.\" \/>\n<meta name=\"robots\" content=\"index, follow, max-snippet:-1, max-image-preview:large, max-video-preview:-1\" \/>\n<link rel=\"canonical\" href=\"https:\/\/gtselevator.com\/en\/\" \/>\n<meta property=\"og:locale\" content=\"en_US\" \/>\n<meta property=\"og:type\" content=\"article\" \/>\n<meta property=\"og:title\" content=\"GTS Elevator\" \/>\n<meta property=\"og:description\" content=\"Our elevators, escalators and moving road products; consultancy, product design, procurement, installation, maintenance and breakdown service solutions.\" \/>\n<meta property=\"og:url\" content=\"https:\/\/gtselevator.com\/en\/\" \/>\n<meta property=\"og:site_name\" content=\"GTS Asans\u00f6r - GTS Elevator\" \/>\n<meta property=\"article:modified_time\" content=\"2021-04-12T08:49:17+00:00\" \/>\n<meta name=\"twitter:card\" content=\"summary_large_image\" \/>\n<meta name=\"twitter:label1\" content=\"Est. reading time\" \/>\n\t<meta name=\"twitter:data1\" content=\"2 minutes\" \/>\n<script type=\"application\/ld+json\" class=\"yoast-schema-graph\">{\"@context\":\"https:\/\/schema.org\",\"@graph\":[{\"@type\":\"WebPage\",\"@id\":\"https:\/\/gtselevator.com\/en\/\",\"url\":\"https:\/\/gtselevator.com\/en\/\",\"name\":\"GTS Elevator\",\"isPartOf\":{\"@id\":\"https:\/\/gtselevator.com\/en\/#website\"},\"datePublished\":\"2020-12-21T12:31:40+00:00\",\"dateModified\":\"2021-04-12T08:49:17+00:00\",\"description\":\"Our elevators, escalators and moving road products; consultancy, product design, procurement, installation, maintenance and breakdown service solutions.\",\"breadcrumb\":{\"@id\":\"https:\/\/gtselevator.com\/en\/#breadcrumb\"},\"inLanguage\":\"en-US\",\"potentialAction\":[{\"@type\":\"ReadAction\",\"target\":[\"https:\/\/gtselevator.com\/en\/\"]}]},{\"@type\":\"BreadcrumbList\",\"@id\":\"https:\/\/gtselevator.com\/en\/#breadcrumb\",\"itemListElement\":[{\"@type\":\"ListItem\",\"position\":1,\"name\":\"Ana sayfa\",\"item\":\"https:\/\/gtselevator.com\/en\/\"},{\"@type\":\"ListItem\",\"position\":2,\"name\":\"Homepage\"}]},{\"@type\":\"WebSite\",\"@id\":\"https:\/\/gtselevator.com\/en\/#website\",\"url\":\"https:\/\/gtselevator.com\/en\/\",\"name\":\"GTS Asans\u00f6r\",\"description\":\"Asans\u00f6r, y\u00fcr\u00fcyen merdiven ve y\u00fcr\u00fcyen yol yapan firman\u0131n web sitesidir.\",\"publisher\":{\"@id\":\"https:\/\/gtselevator.com\/en\/#organization\"},\"potentialAction\":[{\"@type\":\"SearchAction\",\"target\":{\"@type\":\"EntryPoint\",\"urlTemplate\":\"https:\/\/gtselevator.com\/en\/?s={search_term_string}\"},\"query-input\":{\"@type\":\"PropertyValueSpecification\",\"valueRequired\":true,\"valueName\":\"search_term_string\"}}],\"inLanguage\":\"en-US\"},{\"@type\":\"Organization\",\"@id\":\"https:\/\/gtselevator.com\/en\/#organization\",\"name\":\"GTS Elevator - GTS Asans\u00f6r\",\"url\":\"https:\/\/gtselevator.com\/en\/\",\"logo\":{\"@type\":\"ImageObject\",\"inLanguage\":\"en-US\",\"@id\":\"https:\/\/gtselevator.com\/en\/#\/schema\/logo\/image\/\",\"url\":\"https:\/\/gtselevator.com\/wp-content\/uploads\/2016\/07\/gts-asansor-logo.png\",\"contentUrl\":\"https:\/\/gtselevator.com\/wp-content\/uploads\/2016\/07\/gts-asansor-logo.png\",\"width\":377,\"height\":164,\"caption\":\"GTS Elevator - GTS Asans\u00f6r\"},\"image\":{\"@id\":\"https:\/\/gtselevator.com\/en\/#\/schema\/logo\/image\/\"}}]}<\/script>\n<!-- \/ Yoast SEO plugin. -->","yoast_head_json":{"title":"GTS Elevator","description":"Our elevators, escalators and moving road products; consultancy, product design, procurement, installation, maintenance and breakdown service solutions.","robots":{"index":"index","follow":"follow","max-snippet":"max-snippet:-1","max-image-preview":"max-image-preview:large","max-video-preview":"max-video-preview:-1"},"canonical":"https:\/\/gtselevator.com\/en\/","og_locale":"en_US","og_type":"article","og_title":"GTS Elevator","og_description":"Our elevators, escalators and moving road products; consultancy, product design, procurement, installation, maintenance and breakdown service solutions.","og_url":"https:\/\/gtselevator.com\/en\/","og_site_name":"GTS Asans\u00f6r - GTS Elevator","article_modified_time":"2021-04-12T08:49:17+00:00","twitter_card":"summary_large_image","twitter_misc":{"Est. reading time":"2 minutes"},"schema":{"@context":"https:\/\/schema.org","@graph":[{"@type":"WebPage","@id":"https:\/\/gtselevator.com\/en\/","url":"https:\/\/gtselevator.com\/en\/","name":"GTS Elevator","isPartOf":{"@id":"https:\/\/gtselevator.com\/en\/#website"},"datePublished":"2020-12-21T12:31:40+00:00","dateModified":"2021-04-12T08:49:17+00:00","description":"Our elevators, escalators and moving road products; consultancy, product design, procurement, installation, maintenance and breakdown service solutions.","breadcrumb":{"@id":"https:\/\/gtselevator.com\/en\/#breadcrumb"},"inLanguage":"en-US","potentialAction":[{"@type":"ReadAction","target":["https:\/\/gtselevator.com\/en\/"]}]},{"@type":"BreadcrumbList","@id":"https:\/\/gtselevator.com\/en\/#breadcrumb","itemListElement":[{"@type":"ListItem","position":1,"name":"Ana sayfa","item":"https:\/\/gtselevator.com\/en\/"},{"@type":"ListItem","position":2,"name":"Homepage"}]},{"@type":"WebSite","@id":"https:\/\/gtselevator.com\/en\/#website","url":"https:\/\/gtselevator.com\/en\/","name":"GTS Asans\u00f6r","description":"Asans\u00f6r, y\u00fcr\u00fcyen merdiven ve y\u00fcr\u00fcyen yol yapan firman\u0131n web sitesidir.","publisher":{"@id":"https:\/\/gtselevator.com\/en\/#organization"},"potentialAction":[{"@type":"SearchAction","target":{"@type":"EntryPoint","urlTemplate":"https:\/\/gtselevator.com\/en\/?s={search_term_string}"},"query-input":{"@type":"PropertyValueSpecification","valueRequired":true,"valueName":"search_term_string"}}],"inLanguage":"en-US"},{"@type":"Organization","@id":"https:\/\/gtselevator.com\/en\/#organization","name":"GTS Elevator - GTS Asans\u00f6r","url":"https:\/\/gtselevator.com\/en\/","logo":{"@type":"ImageObject","inLanguage":"en-US","@id":"https:\/\/gtselevator.com\/en\/#\/schema\/logo\/image\/","url":"https:\/\/gtselevator.com\/wp-content\/uploads\/2016\/07\/gts-asansor-logo.png","contentUrl":"https:\/\/gtselevator.com\/wp-content\/uploads\/2016\/07\/gts-asansor-logo.png","width":377,"height":164,"caption":"GTS Elevator - GTS Asans\u00f6r"},"image":{"@id":"https:\/\/gtselevator.com\/en\/#\/schema\/logo\/image\/"}}]}},"_links":{"self":[{"href":"https:\/\/gtselevator.com\/en\/wp-json\/wp\/v2\/pages\/2283","targetHints":{"allow":["GET"]}}],"collection":[{"href":"https:\/\/gtselevator.com\/en\/wp-json\/wp\/v2\/pages"}],"about":[{"href":"https:\/\/gtselevator.com\/en\/wp-json\/wp\/v2\/types\/page"}],"author":[{"embeddable":true,"href":"https:\/\/gtselevator.com\/en\/wp-json\/wp\/v2\/users\/1"}],"replies":[{"embeddable":true,"href":"https:\/\/gtselevator.com\/en\/wp-json\/wp\/v2\/comments?post=2283"}],"version-history":[{"count":0,"href":"https:\/\/gtselevator.com\/en\/wp-json\/wp\/v2\/pages\/2283\/revisions"}],"wp:attachment":[{"href":"https:\/\/gtselevator.com\/en\/wp-json\/wp\/v2\/media?parent=2283"}],"curies":[{"name":"wp","href":"https:\/\/api.w.org\/{rel}","templated":true}]}}